{"id":7771,"date":"2021-03-10T13:04:52","date_gmt":"2021-03-10T12:04:52","guid":{"rendered":"https:\/\/www.risoscotti.com\/cocina-creativa\/"},"modified":"2021-04-15T10:51:11","modified_gmt":"2021-04-15T08:51:11","slug":"cocina-creativa","status":"publish","type":"page","link":"https:\/\/www.risoscotti.com\/es\/cocina-creativa\/","title":{"rendered":"COCINA CREATIVA"},"content":{"rendered":"<p><div class=\"fusion-fullwidth fullwidth-box fusion-builder-row-1 nonhundred-percent-fullwidth non-hundred-percent-height-scrolling\" style=\"background-color: rgba(255,255,255,0);background-position: center center;background-repeat: no-repeat;padding-top:0px;padding-right:0px;padding-bottom:0px;padding-left:0px;border-width: 0px 0px 0px 0px;border-color:#eae9e9;border-style:solid;\" ><div class=\"fusion-builder-row fusion-row\"><div class=\"fusion-layout-column fusion_builder_column fusion-builder-column-0 fusion_builder_column_1_1 1_1 fusion-one-full fusion-column-first fusion-column-last\" style=\"margin-top:0px;margin-bottom:0px;\" id=\"Banner-scrl-scale\"><div class=\"fusion-column-wrapper fusion-flex-column-wrapper-legacy\" style=\"background-position:left top;background-repeat:no-repeat;-webkit-background-size:cover;-moz-background-size:cover;-o-background-size:cover;background-size:cover;padding: 0px 0px 0px 0px;\"><span class=\" fusion-imageframe imageframe-none imageframe-1 hover-type-none\"><img width=\"1920\" height=\"767\" title=\"Fascia-banner-cucina-creativa\" src=\"https:\/\/www.risoscotti.com\/wp-content\/uploads\/2019\/06\/Fascia-banner-cucina-creativa.jpg\" data-orig-src=\"https:\/\/www.risoscotti.com\/wp-content\/uploads\/2019\/06\/Fascia-banner-cucina-creativa.jpg\" class=\"lazyload img-responsive wp-image-5509\" srcset=\"data:image\/svg+xml,%3Csvg%20xmlns%3D%27http%3A%2F%2Fwww.w3.org%2F2000%2Fsvg%27%20width%3D%271920%27%20height%3D%27767%27%20viewBox%3D%270%200%201920%20767%27%3E%3Crect%20width%3D%271920%27%20height%3D%27767%27%20fill-opacity%3D%220%22%2F%3E%3C%2Fsvg%3E\" data-srcset=\"https:\/\/www.risoscotti.com\/wp-content\/uploads\/2019\/06\/Fascia-banner-cucina-creativa-200x80.jpg 200w, https:\/\/www.risoscotti.com\/wp-content\/uploads\/2019\/06\/Fascia-banner-cucina-creativa-400x160.jpg 400w, https:\/\/www.risoscotti.com\/wp-content\/uploads\/2019\/06\/Fascia-banner-cucina-creativa-600x240.jpg 600w, https:\/\/www.risoscotti.com\/wp-content\/uploads\/2019\/06\/Fascia-banner-cucina-creativa-800x320.jpg 800w, https:\/\/www.risoscotti.com\/wp-content\/uploads\/2019\/06\/Fascia-banner-cucina-creativa-1200x479.jpg 1200w, https:\/\/www.risoscotti.com\/wp-content\/uploads\/2019\/06\/Fascia-banner-cucina-creativa.jpg 1920w\" data-sizes=\"auto\" data-orig-sizes=\"(max-width: 1024px) 100vw, 1920px\" \/><\/span><div class=\"fusion-clearfix\"><\/div><\/div><\/div><\/div><\/div><div class=\"fusion-fullwidth fullwidth-box fusion-builder-row-2 nonhundred-percent-fullwidth non-hundred-percent-height-scrolling\" style=\"background-color: rgba(255,255,255,0);background-position: center center;background-repeat: no-repeat;padding-top:0px;padding-right:0px;padding-bottom:0px;padding-left:0px;border-width: 0px 0px 0px 0px;border-color:#eae9e9;border-style:solid;\" ><div class=\"fusion-builder-row fusion-row\"><div class=\"fusion-layout-column fusion_builder_column fusion-builder-column-1 fusion_builder_column_1_1 1_1 fusion-one-full fusion-column-first fusion-column-last Home-banner-carousel\" style=\"margin-top:0px;margin-bottom:0px;\"><div class=\"fusion-column-wrapper fusion-flex-column-wrapper-legacy\" style=\"background-position:left top;background-repeat:no-repeat;-webkit-background-size:cover;-moz-background-size:cover;-o-background-size:cover;background-size:cover;padding: 0px 0px 0px 0px;\"><div class=\"imageframe-align-center\"><span class=\" fusion-imageframe imageframe-none imageframe-2 hover-type-none Home-banner-carousel\"><img width=\"1920\" height=\"411\" title=\"Banda-banner\" src=\"https:\/\/www.risoscotti.com\/wp-content\/uploads\/2019\/05\/Banda-banner.png\" data-orig-src=\"https:\/\/www.risoscotti.com\/wp-content\/uploads\/2019\/05\/Banda-banner.png\" class=\"lazyload img-responsive wp-image-4963\" srcset=\"data:image\/svg+xml,%3Csvg%20xmlns%3D%27http%3A%2F%2Fwww.w3.org%2F2000%2Fsvg%27%20width%3D%271920%27%20height%3D%27411%27%20viewBox%3D%270%200%201920%20411%27%3E%3Crect%20width%3D%271920%27%20height%3D%27411%27%20fill-opacity%3D%220%22%2F%3E%3C%2Fsvg%3E\" data-srcset=\"https:\/\/www.risoscotti.com\/wp-content\/uploads\/2019\/05\/Banda-banner-200x43.png 200w, https:\/\/www.risoscotti.com\/wp-content\/uploads\/2019\/05\/Banda-banner-400x86.png 400w, https:\/\/www.risoscotti.com\/wp-content\/uploads\/2019\/05\/Banda-banner-600x128.png 600w, https:\/\/www.risoscotti.com\/wp-content\/uploads\/2019\/05\/Banda-banner-800x171.png 800w, https:\/\/www.risoscotti.com\/wp-content\/uploads\/2019\/05\/Banda-banner-1200x257.png 1200w, https:\/\/www.risoscotti.com\/wp-content\/uploads\/2019\/05\/Banda-banner.png 1920w\" data-sizes=\"auto\" data-orig-sizes=\"(max-width: 1024px) 100vw, 1920px\" \/><\/span><\/div><div class=\"fusion-clearfix\"><\/div><\/div><\/div><\/div><\/div><div class=\"fusion-fullwidth fullwidth-box fusion-builder-row-3 fusion-parallax-none CC-title nonhundred-percent-fullwidth non-hundred-percent-height-scrolling fusion-equal-height-columns lazyload\" style=\"background-color: rgba(255,255,255,0);background-position: center center;background-repeat: no-repeat;padding-top:0px;padding-right:0px;padding-bottom:0px;padding-left:0px;margin-bottom: 0px;margin-top: 0px;border-width: 0px 0px 0px 0px;border-color:#eae9e9;border-style:solid;-webkit-background-size:cover;-moz-background-size:cover;-o-background-size:cover;background-size:cover;\" data-bg=\"https:\/\/www.risoscotti.com\/wp-content\/uploads\/2019\/05\/Fascia-titolo-cucina-creativa.jpg\" ><div class=\"fusion-builder-row fusion-row\"><div class=\"fusion-layout-column fusion_builder_column fusion-builder-column-2 fusion_builder_column_1_1 1_1 fusion-one-full fusion-column-first fusion-column-last\" style=\"margin-top:0px;margin-bottom:0px;\"><div class=\"fusion-column-wrapper fusion-flex-column-wrapper-legacy\" style=\"background-position:left top;background-repeat:no-repeat;-webkit-background-size:cover;-moz-background-size:cover;-o-background-size:cover;background-size:cover;padding: 110px 0px 110px 0px;\"><div class=\"fusion-builder-row fusion-builder-row-inner fusion-row\"><div class=\"fusion-layout-column fusion_builder_column_inner fusion-builder-nested-column-0 fusion_builder_column_inner_1_3 1_3 fusion-one-third fusion-column-first CC-title__left\" style=\"width:33.333333333333%;width:calc(33.333333333333% - ( ( 5% ) * 0.33333333333333 ) );margin-right: 5%;margin-top:0px;margin-bottom:0px;\"><div class=\"fusion-column-wrapper fusion-flex-column-wrapper-legacy\" style=\"background-position:left top;background-repeat:no-repeat;-webkit-background-size:cover;-moz-background-size:cover;-o-background-size:cover;background-size:cover;padding: 0px 0px 0px 0px;\"><style type=\"text\/css\">@media only screen and (max-width:1024px) {.fusion-title.fusion-title-1{margin-top:0px!important;margin-bottom:0px!important;}}<\/style><div class=\"fusion-title title fusion-title-1 fusion-sep-none fusion-title-text fusion-title-size-two\" style=\"margin-top:0px;margin-right:0px;margin-bottom:0px;margin-left:0px;\"><h2 class=\"title-heading-right\" style=\"margin:0;color:#002957;line-height:1;\"><p class=\"p1\"><span class=\"s1\">COCINA<\/span><\/p><\/h2><\/div><style type=\"text\/css\">@media only screen and (max-width:1024px) {.fusion-title.fusion-title-2{margin-top:0px!important;margin-bottom:0px!important;}}<\/style><div class=\"fusion-title title fusion-title-2 fusion-sep-none fusion-title-text fusion-title-size-one\" style=\"font-size:72px;margin-top:0px;margin-right:0px;margin-bottom:0px;margin-left:0px;\"><h1 class=\"title-heading-right\" style=\"margin:0;font-size:1em;color:#002957;line-height:1;\"><p class=\"p1\"><span class=\"s1\">CREATIVA<\/span><\/p><\/h1><\/div><div class=\"fusion-clearfix\"><\/div><\/div><\/div><div class=\"fusion-layout-column fusion_builder_column_inner fusion-builder-nested-column-1 fusion_builder_column_inner_2_5 2_5 fusion-two-fifth fusion-column-last CC-title__right\" style=\"width:40%;width:calc(40% - ( ( 5% ) * 0.4 ) );margin-top:0px;margin-bottom:0px;\"><div class=\"fusion-column-wrapper fusion-flex-column-wrapper-legacy\" style=\"background-position:left top;background-repeat:no-repeat;-webkit-background-size:cover;-moz-background-size:cover;-o-background-size:cover;background-size:cover;padding: 0px 0px 0px 0px;\"><div class=\"fusion-text fusion-text-1 Home-Parte-3__text\"><p>La transformaci\u00f3n de los alimentos en una experiencia sensorial<\/p>\n<div class=\"page\" title=\"Page 1\">\n<div class=\"section\">\n<div class=\"layoutArea\">\n<div class=\"column\">\n<p>con estilo y sostenible con el medio ambiente.<\/p>\n<\/div>\n<\/div>\n<\/div>\n<\/div>\n<\/div><div class=\"fusion-button-wrapper\"><style type=\"text\/css\">.fusion-button.button-1 .fusion-button-text, .fusion-button.button-1 i {color:#ffffff;}.fusion-button.button-1 .fusion-button-icon-divider{border-color:#ffffff;}.fusion-button.button-1:hover .fusion-button-text, .fusion-button.button-1:hover i,.fusion-button.button-1:focus .fusion-button-text, .fusion-button.button-1:focus i,.fusion-button.button-1:active .fusion-button-text, .fusion-button.button-1:active{color:#002957;}.fusion-button.button-1:hover .fusion-button-icon-divider, .fusion-button.button-1:hover .fusion-button-icon-divider, .fusion-button.button-1:active .fusion-button-icon-divider{border-color:#002957;}.fusion-button.button-1:hover, .fusion-button.button-1:focus, .fusion-button.button-1:active{border-color:#002957;border-width:1px;}.fusion-button.button-1 {border-color:#ffffff;border-width:1px;border-radius:0px;}.fusion-button.button-1{background: #002957;}.fusion-button.button-1:hover,.button-1:focus,.fusion-button.button-1:active{background: rgba(255,255,255,0);}.fusion-button.button-1 .fusion-button-text {text-transform:uppercase;}<\/style><a class=\"fusion-button button-flat button-large button-custom button-1 fusion-button-default-span fusion-button-default-type Button-invia-ricetta d-none\" target=\"_self\" title=\"Invia-la-ricetta\" href=\"https:\/\/www.risoscotti.com\/?page_id=2076\"><span class=\"fusion-button-text\">&gt;&gt;&gt; INVIACI LA TUA RICETTA &lt;&lt;&lt;<\/span><\/a><\/div><div class=\"fusion-clearfix\"><\/div><\/div><\/div><\/div><div class=\"fusion-clearfix\"><\/div><\/div><\/div><\/div><\/div><div class=\"fusion-fullwidth fullwidth-box fusion-builder-row-4 nonhundred-percent-fullwidth non-hundred-percent-height-scrolling\" style=\"background-color: rgba(255,255,255,0);background-position: center center;background-repeat: no-repeat;padding-top:0px;padding-right:0px;padding-bottom:0px;padding-left:0px;border-width: 0px 0px 0px 0px;border-color:#eae9e9;border-style:solid;\" id=\"Portfolio-ricette\" ><div class=\"fusion-builder-row fusion-row\"><div class=\"fusion-layout-column fusion_builder_column fusion-builder-column-3 fusion_builder_column_1_1 1_1 fusion-one-full fusion-column-first fusion-column-last fusion-column-no-min-height\" style=\"margin-top:0px;margin-bottom:0px;\"><div class=\"fusion-column-wrapper fusion-flex-column-wrapper-legacy\" style=\"background-position:left top;background-repeat:no-repeat;-webkit-background-size:cover;-moz-background-size:cover;-o-background-size:cover;background-size:cover;padding: 0px 0px 0px 0px;\"><div id=\"grid-filters\" data-tax=\"recipe_hashtag\"><button class=\"filtro-grid filtro-attivo\" data-term=\"*\">TODOS<\/button><button class=\"filtro-grid\"  data-term=\"creativecooking\">#CREATIVECOOKING<\/button><button class=\"filtro-grid\"  data-term=\"italianrisotto\">#ITALIANRISOTTO<\/button><button class=\"filtro-grid\"  data-term=\"venere-rice\">#VENERERICE<\/button><\/div><div id=\"pagingAction\" data-action=\"custom_ricette\"><\/div><div id=\"df1\" class=\"loader-dots\"><div class=\"single-dot sd1\"><\/div><div class=\"single-dot sd2\"><\/div><div class=\"single-dot sd3\"><\/div><div class=\"single-dot sd4\"><\/div><div class=\"single-dot sd5\"><\/div><\/div><div id=\"ricette-paged-list\"><div id=\"isotope-list-ricette\" class=\"isotope-list\" data-ptype=\"recipes\"><div class=\"creativecooking  list-item\"><div class=\"ricette-isotope__container\"><div class=\"ricette-isotope__half ricette-box\"><p class=\"hashtag-ricette\"><u>#CREATIVECOOKING <\/u><\/p><div class=\"corpo-testo\"><div class=\"primo-titolo\"><h3>Xinjiang Uyghur Polo<\/h3><\/div><div class=\"secondo-titolo\"><h3>CHINA<\/h3><\/div><div class=\"estratto\"><p>It is a vegetarian dish where meat has been replaced with dried fruits, such as prunes, apricots and raisins.<\/p><\/div><\/div><a class=\"link-post\" href=\"https:\/\/www.risoscotti.com\/es\/recipes\/xinjiang-uyghur-polo\/\"><span>RECETA<\/span><\/a><\/div><div class=\"ricette-isotope__half ricette-thumb\" style=\"background: url(https:\/\/www.risoscotti.com\/wp-content\/uploads\/2020\/09\/Recipe-polo-china-XINJIANG-UYGHUR.jpg) center center no-repeat; background-size: cover;\"><\/div><\/div><\/div><div class=\"creativecooking  list-item\"><div class=\"ricette-isotope__container\"><div class=\"ricette-isotope__half ricette-box\"><p class=\"hashtag-ricette\"><u>#CREATIVECOOKING <\/u><\/p><div class=\"corpo-testo\"><div class=\"primo-titolo\"><h3>Oshi Palov<\/h3><\/div><div class=\"secondo-titolo\"><h3>TAYIKIST\u00c1N<\/h3><\/div><div class=\"estratto\"><p>Conocido como el \"Rey de las comidas\", el palov emplea verduras, arroz, carne y especias, y existen hasta 200 variedades. La importancia de este plato para las comunidades tayikas se resume en el dicho popular: \"Si comes Oshi Palov en casa de alguien, tienes que respetarlo durante 40 a\u00f1os\". Grupos de hombres o mujeres lo preparan en su casa o en las casas de t\u00e9, mientras socializan, tocan m\u00fasica o cantan. Los conocimientos ligados a esta pr\u00e1ctica se transmiten de generaci\u00f3n en generaci\u00f3n en familias y escuelas de cocina.<\/p><\/div><\/div><a class=\"link-post\" href=\"https:\/\/www.risoscotti.com\/es\/recipes\/oshi-palov\/\"><span>RECETA<\/span><\/a><\/div><div class=\"ricette-isotope__half ricette-thumb\" style=\"background: url(https:\/\/www.risoscotti.com\/wp-content\/uploads\/2020\/09\/Recipe-oshi-palov.jpg) center center no-repeat; background-size: cover;\"><\/div><\/div><\/div><div class=\"creativecooking  list-item\"><div class=\"ricette-isotope__container\"><div class=\"ricette-isotope__half ricette-box\"><p class=\"hashtag-ricette\"><u>#CREATIVECOOKING <\/u><\/p><div class=\"corpo-testo\"><div class=\"primo-titolo\"><h3>Shirin paloo<\/h3><\/div><div class=\"secondo-titolo\"><h3>KIRGUIST\u00c1N<\/h3><\/div><div class=\"estratto\"><p>Paloo is the Kirgiz version of a dish that in the Central Asia is commonly called Plov. It\u2019s made of pieces of meat (usually mutton or beef, sometimes chicken) fried in a big qazan (a cast iron cauldron) and mixed with fried chopped carrots, jiuicai (Chinese chive) and cooked rice. The dish is garnished with fried garlic cloves and red peppers. Shirin Paloo is a vegetarian dish where meat has been replaced with dried fruits, such as prunes, apricots and raisins. \r\n<\/p><\/div><\/div><a class=\"link-post\" href=\"https:\/\/www.risoscotti.com\/es\/recipes\/shirin-paloo\/\"><span>RECETA<\/span><\/a><\/div><div class=\"ricette-isotope__half ricette-thumb\" style=\"background: url(https:\/\/www.risoscotti.com\/wp-content\/uploads\/2020\/09\/Recipe-shirin-paloo.jpg) center center no-repeat; background-size: cover;\"><\/div><\/div><\/div><div class=\"creativecooking  list-item\"><div class=\"ricette-isotope__container\"><div class=\"ricette-isotope__half ricette-box\"><p class=\"hashtag-ricette\"><u>#CREATIVECOOKING <\/u><\/p><div class=\"corpo-testo\"><div class=\"primo-titolo\"><h3>Tuy palovi<\/h3><\/div><div class=\"secondo-titolo\"><h3>UZBEKIST\u00c1N<\/h3><\/div><div class=\"estratto\"><p>Plov is one of the main Uzbek typical dishes, usually cooked with rice, pieces of meat, carrots and onions.\r\nThe origin of this dish is bound to a legend!<\/p><\/div><\/div><a class=\"link-post\" href=\"https:\/\/www.risoscotti.com\/es\/recipes\/tuy-palovi\/\"><span>RECETA<\/span><\/a><\/div><div class=\"ricette-isotope__half ricette-thumb\" style=\"background: url(https:\/\/www.risoscotti.com\/wp-content\/uploads\/2020\/09\/Recipe-tuy-palovi.jpg) center center no-repeat; background-size: cover;\"><\/div><\/div><\/div><\/div><div class=\"isotope-pager\"><a href=\"javascript:void(0);\" class=\"grid-pager\" data-page=\"2\">MOSTRAR M\u00c1S<\/a><\/div><\/div><div id=\"df2\" class=\"loader-dots\"><div class=\"single-dot sd1\"><\/div><div class=\"single-dot sd2\"><\/div><div class=\"single-dot sd3\"><\/div><div class=\"single-dot sd4\"><\/div><div class=\"single-dot sd5\"><\/div><\/div><div class=\"fusion-clearfix\"><\/div><\/div><\/div><\/div><\/div><div class=\"fusion-fullwidth fullwidth-box fusion-builder-row-5 d-none nonhundred-percent-fullwidth non-hundred-percent-height-scrolling\" style=\"background-color: rgba(255,255,255,0);background-position: center center;background-repeat: no-repeat;padding-top:0px;padding-right:0px;padding-bottom:0px;padding-left:0px;margin-top: 40px;border-width: 0px 0px 0px 0px;border-color:#eae9e9;border-style:solid;\" ><div class=\"fusion-builder-row fusion-row\"><div class=\"fusion-layout-column fusion_builder_column fusion-builder-column-4 fusion_builder_column_1_1 1_1 fusion-one-full fusion-column-first fusion-column-last fusion-no-small-visibility\" style=\"margin-top:0px;margin-bottom:0px;\"><div class=\"fusion-column-wrapper fusion-flex-column-wrapper-legacy\" style=\"background-position:left top;background-repeat:no-repeat;-webkit-background-size:cover;-moz-background-size:cover;-o-background-size:cover;background-size:cover;padding: 0px 0px 0px 0px;\"><div class=\"imageframe-align-center\"><span class=\" fusion-imageframe imageframe-none imageframe-3 hover-type-none\"><img width=\"1920\" height=\"629\" title=\"Fascia-redirect-cucina-creativa\" src=\"https:\/\/www.risoscotti.com\/wp-content\/uploads\/2019\/05\/Fascia-redirect-cucina-creativa.jpg\" data-orig-src=\"https:\/\/www.risoscotti.com\/wp-content\/uploads\/2019\/05\/Fascia-redirect-cucina-creativa.jpg\" class=\"lazyload img-responsive wp-image-5183\" srcset=\"data:image\/svg+xml,%3Csvg%20xmlns%3D%27http%3A%2F%2Fwww.w3.org%2F2000%2Fsvg%27%20width%3D%271920%27%20height%3D%27629%27%20viewBox%3D%270%200%201920%20629%27%3E%3Crect%20width%3D%271920%27%20height%3D%27629%27%20fill-opacity%3D%220%22%2F%3E%3C%2Fsvg%3E\" data-srcset=\"https:\/\/www.risoscotti.com\/wp-content\/uploads\/2019\/05\/Fascia-redirect-cucina-creativa-200x66.jpg 200w, https:\/\/www.risoscotti.com\/wp-content\/uploads\/2019\/05\/Fascia-redirect-cucina-creativa-400x131.jpg 400w, https:\/\/www.risoscotti.com\/wp-content\/uploads\/2019\/05\/Fascia-redirect-cucina-creativa-600x197.jpg 600w, https:\/\/www.risoscotti.com\/wp-content\/uploads\/2019\/05\/Fascia-redirect-cucina-creativa-800x262.jpg 800w, https:\/\/www.risoscotti.com\/wp-content\/uploads\/2019\/05\/Fascia-redirect-cucina-creativa-1200x393.jpg 1200w, https:\/\/www.risoscotti.com\/wp-content\/uploads\/2019\/05\/Fascia-redirect-cucina-creativa.jpg 1920w\" data-sizes=\"auto\" data-orig-sizes=\"(max-width: 1024px) 100vw, 1920px\" \/><\/span><\/div><div class=\"fusion-clearfix\"><\/div><\/div><\/div><div class=\"fusion-layout-column fusion_builder_column fusion-builder-column-5 fusion_builder_column_1_2 1_2 fusion-one-half fusion-column-first Secondary-aside-info\" style=\"width:50%;width:calc(50% - ( ( 0 ) * 0.5 ) );margin-right: 0px;margin-top:-120px;margin-bottom:120px;\"><div class=\"fusion-column-wrapper fusion-flex-column-wrapper-legacy\" style=\"background-position:left top;background-repeat:no-repeat;-webkit-background-size:cover;-moz-background-size:cover;-o-background-size:cover;background-size:cover;background-color:#f5f4f4;padding: 40px 30px 40px 30px;\"><style type=\"text\/css\"><\/style><div class=\"fusion-title title fusion-title-3 fusion-sep-none fusion-title-center fusion-title-text fusion-title-size-two\" style=\"font-size:60px;margin-top:0px;margin-right:0px;margin-bottom:40px;margin-left:0px;\"><h2 class=\"title-heading-center\" style=\"margin:0;font-size:1em;color:#002957;line-height:1;\"><p style=\"text-align: center; margin-bottom: 0;\">ENTRA A FAR PARTE DELLA NOSTRA<\/p>\n<p style=\"text-align: center; margin-bottom: 0;\"><strong>FOOD COMMUNITY<\/strong><\/p><\/h2><\/div><div class=\"fusion-aligncenter\"><style type=\"text\/css\">.fusion-button.button-2 .fusion-button-text, .fusion-button.button-2 i {color:#002957;}.fusion-button.button-2 .fusion-button-icon-divider{border-color:#002957;}.fusion-button.button-2:hover .fusion-button-text, .fusion-button.button-2:hover i,.fusion-button.button-2:focus .fusion-button-text, .fusion-button.button-2:focus i,.fusion-button.button-2:active .fusion-button-text, .fusion-button.button-2:active{color:#ffffff;}.fusion-button.button-2:hover .fusion-button-icon-divider, .fusion-button.button-2:hover .fusion-button-icon-divider, .fusion-button.button-2:active .fusion-button-icon-divider{border-color:#ffffff;}.fusion-button.button-2:hover, .fusion-button.button-2:focus, .fusion-button.button-2:active{border-color:#ffffff;border-width:1px;}.fusion-button.button-2 {border-color:#002957;border-width:1px;border-radius:25px;}.fusion-button.button-2{background: rgba(255,255,255,0);}.fusion-button.button-2:hover,.button-2:focus,.fusion-button.button-2:active{background: #002957;}.fusion-button.button-2 .fusion-button-text {text-transform:uppercase;}<\/style><a class=\"fusion-button button-flat button-large button-custom button-2 fusion-button-default-span fusion-button-default-type Prodotti-Button-acquisto\" target=\"_self\" href=\"https:\/\/www.risoscotti.com\/?page_id=2076\"><span class=\"fusion-button-text\">INVIACI LA TUA RICETTA<\/span><\/a><\/div><div class=\"fusion-clearfix\"><\/div><\/div><\/div><\/div><\/div><div class=\"fusion-fullwidth fullwidth-box fusion-builder-row-6 nonhundred-percent-fullwidth non-hundred-percent-height-scrolling\" style=\"background-color: rgba(255,255,255,0);background-position: center center;background-repeat: no-repeat;padding-top:0px;padding-right:0px;padding-bottom:0px;padding-left:0px;border-width: 0px 0px 0px 0px;border-color:#eae9e9;border-style:solid;\" ><div class=\"fusion-builder-row fusion-row\"><div class=\"fusion-layout-column fusion_builder_column fusion-builder-column-6 fusion_builder_column_1_1 1_1 fusion-one-full fusion-column-first fusion-column-last\" style=\"margin-top:0px;margin-bottom:0px;\"><div class=\"fusion-column-wrapper fusion-flex-column-wrapper-legacy\" style=\"background-position:left top;background-repeat:no-repeat;-webkit-background-size:cover;-moz-background-size:cover;-o-background-size:cover;background-size:cover;padding: 0px 0px 0px 0px;\">\n<div id=\"sb_instagram\"  class=\"sbi sbi_mob_col_1 sbi_tab_col_2 sbi_col_6\" style=\"width: 100%;\"\t data-feedid=\"*1\"  data-res=\"auto\" data-cols=\"6\" data-colsmobile=\"1\" data-colstablet=\"2\" data-num=\"6\" data-nummobile=\"\" data-item-padding=\"\"\t data-shortcode-atts=\"{}\"  data-postid=\"6647\" data-locatornonce=\"06e59e23ee\" data-imageaspectratio=\"1:1\" data-sbi-flags=\"favorLocal,gdpr\">\n\t\n\t<div id=\"sbi_images\" >\n\t\t\t<\/div>\n\n\t<div id=\"sbi_load\" >\n\n\t\n\t\n<\/div>\n\t\t<span class=\"sbi_resized_image_data\" data-feed-id=\"*1\"\n\t\t  data-resized=\"[]\">\n\t<\/span>\n\t<\/div>\n\n<div class=\"fusion-clearfix\"><\/div><\/div><\/div><\/div><\/div><\/p>\n","protected":false},"excerpt":{"rendered":"","protected":false},"author":1,"featured_media":0,"parent":0,"menu_order":0,"comment_status":"closed","ping_status":"closed","template":"","meta":[],"yoast_head":"<!-- This site is optimized with the Yoast SEO plugin v16.2 - https:\/\/yoast.com\/wordpress\/plugins\/seo\/ -->\n<title>COCINA CREATIVA - Riso Scotti SPA<\/title>\n<meta name=\"robots\" content=\"index, follow, max-snippet:-1, max-image-preview:large, max-video-preview:-1\" \/>\n<link rel=\"canonical\" href=\"https:\/\/www.risoscotti.com\/es\/cocina-creativa\/\" \/>\n<meta property=\"og:locale\" content=\"es_ES\" \/>\n<meta property=\"og:type\" content=\"article\" \/>\n<meta property=\"og:title\" content=\"COCINA CREATIVA - Riso Scotti SPA\" \/>\n<meta property=\"og:url\" content=\"https:\/\/www.risoscotti.com\/es\/cocina-creativa\/\" \/>\n<meta property=\"og:site_name\" content=\"Riso Scotti SPA\" \/>\n<meta property=\"article:modified_time\" content=\"2021-04-15T08:51:11+00:00\" \/>\n<meta name=\"twitter:card\" content=\"summary_large_image\" \/>\n<meta name=\"twitter:label1\" content=\"Tiempo de lectura\">\n\t<meta name=\"twitter:data1\" content=\"13 minutos\">\n<script type=\"application\/ld+json\" class=\"yoast-schema-graph\">{\"@context\":\"https:\/\/schema.org\",\"@graph\":[{\"@type\":\"WebSite\",\"@id\":\"https:\/\/www.risoscotti.com\/#website\",\"url\":\"https:\/\/www.risoscotti.com\/\",\"name\":\"Riso Scotti SPA\",\"description\":\"Da oltre 150 anni diamo pi\\u00f9 valore al Riso.\",\"potentialAction\":[{\"@type\":\"SearchAction\",\"target\":\"https:\/\/www.risoscotti.com\/?s={search_term_string}\",\"query-input\":\"required name=search_term_string\"}],\"inLanguage\":\"es\"},{\"@type\":\"WebPage\",\"@id\":\"https:\/\/www.risoscotti.com\/es\/cocina-creativa\/#webpage\",\"url\":\"https:\/\/www.risoscotti.com\/es\/cocina-creativa\/\",\"name\":\"COCINA CREATIVA - Riso Scotti SPA\",\"isPartOf\":{\"@id\":\"https:\/\/www.risoscotti.com\/#website\"},\"datePublished\":\"2021-03-10T12:04:52+00:00\",\"dateModified\":\"2021-04-15T08:51:11+00:00\",\"breadcrumb\":{\"@id\":\"https:\/\/www.risoscotti.com\/es\/cocina-creativa\/#breadcrumb\"},\"inLanguage\":\"es\",\"potentialAction\":[{\"@type\":\"ReadAction\",\"target\":[\"https:\/\/www.risoscotti.com\/es\/cocina-creativa\/\"]}]},{\"@type\":\"BreadcrumbList\",\"@id\":\"https:\/\/www.risoscotti.com\/es\/cocina-creativa\/#breadcrumb\",\"itemListElement\":[{\"@type\":\"ListItem\",\"position\":1,\"item\":{\"@type\":\"WebPage\",\"@id\":\"https:\/\/www.risoscotti.com\/es\/home\/\",\"url\":\"https:\/\/www.risoscotti.com\/es\/home\/\",\"name\":\"Home\"}},{\"@type\":\"ListItem\",\"position\":2,\"item\":{\"@id\":\"https:\/\/www.risoscotti.com\/es\/cocina-creativa\/#webpage\"}}]}]}<\/script>\n<!-- \/ Yoast SEO plugin. -->","_links":{"self":[{"href":"https:\/\/www.risoscotti.com\/es\/wp-json\/wp\/v2\/pages\/7771"}],"collection":[{"href":"https:\/\/www.risoscotti.com\/es\/wp-json\/wp\/v2\/pages"}],"about":[{"href":"https:\/\/www.risoscotti.com\/es\/wp-json\/wp\/v2\/types\/page"}],"author":[{"embeddable":true,"href":"https:\/\/www.risoscotti.com\/es\/wp-json\/wp\/v2\/users\/1"}],"replies":[{"embeddable":true,"href":"https:\/\/www.risoscotti.com\/es\/wp-json\/wp\/v2\/comments?post=7771"}],"version-history":[{"count":5,"href":"https:\/\/www.risoscotti.com\/es\/wp-json\/wp\/v2\/pages\/7771\/revisions"}],"predecessor-version":[{"id":8428,"href":"https:\/\/www.risoscotti.com\/es\/wp-json\/wp\/v2\/pages\/7771\/revisions\/8428"}],"wp:attachment":[{"href":"https:\/\/www.risoscotti.com\/es\/wp-json\/wp\/v2\/media?parent=7771"}],"curies":[{"name":"wp","href":"https:\/\/api.w.org\/{rel}","templated":true}]}}