{"id":4818,"date":"2019-05-03T17:01:20","date_gmt":"2019-05-03T15:01:20","guid":{"rendered":"https:\/\/www.risoscotti.com\/news\/"},"modified":"2021-04-15T10:47:05","modified_gmt":"2021-04-15T08:47:05","slug":"noticias","status":"publish","type":"page","link":"https:\/\/www.risoscotti.com\/es\/noticias\/","title":{"rendered":"Noticias"},"content":{"rendered":"<p><div class=\"fusion-fullwidth fullwidth-box fusion-builder-row-1 nonhundred-percent-fullwidth non-hundred-percent-height-scrolling\" style=\"background-color: rgba(255,255,255,0);background-position: center center;background-repeat: no-repeat;padding-top:0px;padding-right:0px;padding-bottom:0px;padding-left:0px;border-width: 0px 0px 0px 0px;border-color:#eae9e9;border-style:solid;\" ><div class=\"fusion-builder-row fusion-row\"><div class=\"fusion-layout-column fusion_builder_column fusion-builder-column-0 fusion_builder_column_1_1 1_1 fusion-one-full fusion-column-first fusion-column-last\" style=\"margin-top:0px;margin-bottom:0px;\" id=\"Banner-scrl-scale\"><div class=\"fusion-column-wrapper fusion-flex-column-wrapper-legacy\" style=\"background-position:left top;background-repeat:no-repeat;-webkit-background-size:cover;-moz-background-size:cover;-o-background-size:cover;background-size:cover;padding: 0px 0px 0px 0px;\"><span class=\" fusion-imageframe imageframe-none imageframe-1 hover-type-none\"><img width=\"1920\" height=\"766\" title=\"Fascia-banner-news\" src=\"https:\/\/www.risoscotti.com\/wp-content\/uploads\/2019\/07\/Fascia-banner-news.jpg\" data-orig-src=\"https:\/\/www.risoscotti.com\/wp-content\/uploads\/2019\/07\/Fascia-banner-news.jpg\" class=\"lazyload img-responsive wp-image-4819\" srcset=\"data:image\/svg+xml,%3Csvg%20xmlns%3D%27http%3A%2F%2Fwww.w3.org%2F2000%2Fsvg%27%20width%3D%271920%27%20height%3D%27766%27%20viewBox%3D%270%200%201920%20766%27%3E%3Crect%20width%3D%271920%27%20height%3D%27766%27%20fill-opacity%3D%220%22%2F%3E%3C%2Fsvg%3E\" data-srcset=\"https:\/\/www.risoscotti.com\/wp-content\/uploads\/2019\/07\/Fascia-banner-news-200x80.jpg 200w, https:\/\/www.risoscotti.com\/wp-content\/uploads\/2019\/07\/Fascia-banner-news-400x160.jpg 400w, https:\/\/www.risoscotti.com\/wp-content\/uploads\/2019\/07\/Fascia-banner-news-600x239.jpg 600w, https:\/\/www.risoscotti.com\/wp-content\/uploads\/2019\/07\/Fascia-banner-news-800x319.jpg 800w, https:\/\/www.risoscotti.com\/wp-content\/uploads\/2019\/07\/Fascia-banner-news-1200x479.jpg 1200w, https:\/\/www.risoscotti.com\/wp-content\/uploads\/2019\/07\/Fascia-banner-news.jpg 1920w\" data-sizes=\"auto\" data-orig-sizes=\"(max-width: 1024px) 100vw, 1920px\" \/><\/span><div class=\"fusion-clearfix\"><\/div><\/div><\/div><\/div><\/div><div class=\"fusion-fullwidth fullwidth-box fusion-builder-row-2 nonhundred-percent-fullwidth non-hundred-percent-height-scrolling\" style=\"background-color: rgba(255,255,255,0);background-position: center center;background-repeat: no-repeat;padding-top:0px;padding-right:0px;padding-bottom:0px;padding-left:0px;border-width: 0px 0px 0px 0px;border-color:#eae9e9;border-style:solid;\" ><div class=\"fusion-builder-row fusion-row\"><div class=\"fusion-layout-column fusion_builder_column fusion-builder-column-1 fusion_builder_column_1_1 1_1 fusion-one-full fusion-column-first fusion-column-last Home-banner-carousel\" style=\"margin-top:0px;margin-bottom:0px;\"><div class=\"fusion-column-wrapper fusion-flex-column-wrapper-legacy\" style=\"background-position:left top;background-repeat:no-repeat;-webkit-background-size:cover;-moz-background-size:cover;-o-background-size:cover;background-size:cover;padding: 0px 0px 0px 0px;\"><div class=\"imageframe-align-center\"><span class=\" fusion-imageframe imageframe-none imageframe-2 hover-type-none Home-banner-carousel\"><img width=\"1920\" height=\"411\" title=\"Banda-banner\" src=\"https:\/\/www.risoscotti.com\/wp-content\/uploads\/2019\/05\/Banda-banner.png\" data-orig-src=\"https:\/\/www.risoscotti.com\/wp-content\/uploads\/2019\/05\/Banda-banner.png\" class=\"lazyload img-responsive wp-image-4963\" srcset=\"data:image\/svg+xml,%3Csvg%20xmlns%3D%27http%3A%2F%2Fwww.w3.org%2F2000%2Fsvg%27%20width%3D%271920%27%20height%3D%27411%27%20viewBox%3D%270%200%201920%20411%27%3E%3Crect%20width%3D%271920%27%20height%3D%27411%27%20fill-opacity%3D%220%22%2F%3E%3C%2Fsvg%3E\" data-srcset=\"https:\/\/www.risoscotti.com\/wp-content\/uploads\/2019\/05\/Banda-banner-200x43.png 200w, https:\/\/www.risoscotti.com\/wp-content\/uploads\/2019\/05\/Banda-banner-400x86.png 400w, https:\/\/www.risoscotti.com\/wp-content\/uploads\/2019\/05\/Banda-banner-600x128.png 600w, https:\/\/www.risoscotti.com\/wp-content\/uploads\/2019\/05\/Banda-banner-800x171.png 800w, https:\/\/www.risoscotti.com\/wp-content\/uploads\/2019\/05\/Banda-banner-1200x257.png 1200w, https:\/\/www.risoscotti.com\/wp-content\/uploads\/2019\/05\/Banda-banner.png 1920w\" data-sizes=\"auto\" data-orig-sizes=\"(max-width: 1024px) 100vw, 1920px\" \/><\/span><\/div><div class=\"fusion-clearfix\"><\/div><\/div><\/div><\/div><\/div><div class=\"fusion-fullwidth fullwidth-box fusion-builder-row-3 fusion-parallax-none CC-title nonhundred-percent-fullwidth non-hundred-percent-height-scrolling fusion-equal-height-columns lazyload\" style=\"background-color: rgba(255,255,255,0);background-position: center center;background-repeat: no-repeat;padding-top:0px;padding-right:0px;padding-bottom:0px;padding-left:0px;margin-bottom: 0px;margin-top: 0px;border-width: 0px 0px 0px 0px;border-color:#eae9e9;border-style:solid;-webkit-background-size:cover;-moz-background-size:cover;-o-background-size:cover;background-size:cover;\" data-bg=\"https:\/\/www.risoscotti.com\/wp-content\/uploads\/2019\/05\/Fascia-titolo-cucina-creativa.jpg\" ><div class=\"fusion-builder-row fusion-row\"><div class=\"fusion-layout-column fusion_builder_column fusion-builder-column-2 fusion_builder_column_1_1 1_1 fusion-one-full fusion-column-first fusion-column-last\" style=\"margin-top:0px;margin-bottom:0px;\"><div class=\"fusion-column-wrapper fusion-flex-column-wrapper-legacy\" style=\"background-position:left top;background-repeat:no-repeat;-webkit-background-size:cover;-moz-background-size:cover;-o-background-size:cover;background-size:cover;padding: 100px 0px 120px 0px;\"><div class=\"fusion-builder-row fusion-builder-row-inner fusion-row\"><div class=\"fusion-layout-column fusion_builder_column_inner fusion-builder-nested-column-0 fusion_builder_column_inner_2_5 2_5 fusion-two-fifth fusion-column-first Prodotti-title__left\" style=\"width:40%;width:calc(40% - ( ( 4% + 4% ) * 0.4 ) );margin-right: 4%;margin-top:0px;margin-bottom:0px;\"><div class=\"fusion-column-wrapper fusion-flex-column-wrapper-legacy\" style=\"background-position:left top;background-repeat:no-repeat;-webkit-background-size:cover;-moz-background-size:cover;-o-background-size:cover;background-size:cover;padding: 0px 0px 0px 0px;\"><style type=\"text\/css\">@media only screen and (max-width:1024px) {.fusion-title.fusion-title-1{margin-top:0px!important;margin-bottom:0px!important;}}<\/style><div class=\"fusion-title title fusion-title-1 fusion-sep-none fusion-title-text fusion-title-size-one\" style=\"font-size:72px;margin-top:0px;margin-right:0px;margin-bottom:0px;margin-left:0px;\"><h1 class=\"title-heading-right\" style=\"margin:0;font-size:1em;color:#002957;line-height:1;\"><p class=\"p1\"><span class=\"s1\">NOTICIAS<\/span><\/p><\/h1><\/div><div class=\"fusion-clearfix\"><\/div><\/div><\/div><div class=\"fusion-layout-column fusion_builder_column_inner fusion-builder-nested-column-1 fusion_builder_column_inner_1_5 1_5 fusion-one-fifth Prodotti-title__middle\" style=\"width:20%;width:calc(20% - ( ( 4% + 4% ) * 0.2 ) );margin-right: 4%;margin-top:0px;margin-bottom:0px;\"><div class=\"fusion-column-wrapper fusion-flex-column-wrapper-legacy\" style=\"background-position:center center;background-repeat:no-repeat;-webkit-background-size:cover;-moz-background-size:cover;-o-background-size:cover;background-size:cover;padding: 0px 0px 0px 0px;\"><span class=\" fusion-imageframe imageframe-none imageframe-3 hover-type-none\"><img width=\"7\" height=\"165\" title=\"Divider\" src=\"data:image\/svg+xml,%3Csvg%20xmlns%3D%27http%3A%2F%2Fwww.w3.org%2F2000%2Fsvg%27%20width%3D%277%27%20height%3D%27165%27%20viewBox%3D%270%200%207%20165%27%3E%3Crect%20width%3D%277%27%20height%3D%27165%27%20fill-opacity%3D%220%22%2F%3E%3C%2Fsvg%3E\" data-orig-src=\"https:\/\/www.risoscotti.com\/wp-content\/uploads\/2019\/05\/Divider.jpg\" class=\"lazyload img-responsive wp-image-4973\"\/><\/span><div class=\"fusion-clearfix\"><\/div><\/div><\/div><div class=\"fusion-layout-column fusion_builder_column_inner fusion-builder-nested-column-2 fusion_builder_column_inner_2_5 2_5 fusion-two-fifth fusion-column-last CC-title__right\" style=\"width:40%;width:calc(40% - ( ( 4% + 4% ) * 0.4 ) );margin-top:0px;margin-bottom:0px;\"><div class=\"fusion-column-wrapper fusion-flex-column-wrapper-legacy\" style=\"background-position:left top;background-repeat:no-repeat;-webkit-background-size:cover;-moz-background-size:cover;-o-background-size:cover;background-size:cover;padding: 0px 0px 0px 0px;\"><div class=\"fusion-text fusion-text-1 Home-Parte-3__text\"><p class=\"p1\"><span class=\"s1\"><b>PERSONAS, PRODUCTOS, EVENTOS<\/b><br \/>\n<\/span><span class=\"s2\">S\u00edganos<\/span> <span class=\"s1\">para conocer nuestras citas especiales.<\/span><\/p>\n<\/div><div class=\"fusion-button-wrapper\"><style type=\"text\/css\">.fusion-button.button-1 .fusion-button-text, .fusion-button.button-1 i {color:#ffffff;}.fusion-button.button-1 .fusion-button-icon-divider{border-color:#ffffff;}.fusion-button.button-1:hover .fusion-button-text, .fusion-button.button-1:hover i,.fusion-button.button-1:focus .fusion-button-text, .fusion-button.button-1:focus i,.fusion-button.button-1:active .fusion-button-text, .fusion-button.button-1:active{color:#002957;}.fusion-button.button-1:hover .fusion-button-icon-divider, .fusion-button.button-1:hover .fusion-button-icon-divider, .fusion-button.button-1:active .fusion-button-icon-divider{border-color:#002957;}.fusion-button.button-1:hover, .fusion-button.button-1:focus, .fusion-button.button-1:active{border-color:#002957;border-width:1px;}.fusion-button.button-1 {border-color:#ffffff;border-width:1px;border-radius:0px;}.fusion-button.button-1{background: #002957;}.fusion-button.button-1:hover,.button-1:focus,.fusion-button.button-1:active{background: rgba(255,255,255,0);}.fusion-button.button-1 .fusion-button-text {text-transform:uppercase;}<\/style><a class=\"fusion-button button-flat button-large button-custom button-1 fusion-button-default-span fusion-button-default-type Button-invia-ricetta\" target=\"_self\" title=\"Iscriviti-alla-newsletter\" href=\"https:\/\/www.risoscotti.com\/es\/contactos\/#Anchor-newsletter\"><span class=\"fusion-button-text\">&gt;&gt;&gt; Suscr\u00edbase a nuestro BOLET\u00cdN DE NOTICIAS &lt;&lt;&lt;<\/span><\/a><\/div><div class=\"fusion-clearfix\"><\/div><\/div><\/div><\/div><div class=\"fusion-clearfix\"><\/div><\/div><\/div><\/div><\/div><div class=\"fusion-fullwidth fullwidth-box fusion-builder-row-4 Secondary-core nonhundred-percent-fullwidth non-hundred-percent-height-scrolling\" style=\"background-color: rgba(255,255,255,0);background-position: center center;background-repeat: no-repeat;padding-top:0px;padding-right:0px;padding-bottom:0px;padding-left:0px;margin-bottom: 0px;margin-top: 0px;border-width: 0px 0px 0px 0px;border-color:#eae9e9;border-style:solid;\" ><div class=\"fusion-builder-row fusion-row\"><div class=\"fusion-layout-column fusion_builder_column fusion-builder-column-3 fusion_builder_column_1_1 1_1 fusion-one-full fusion-column-first fusion-column-last\" style=\"margin-top:0px;margin-bottom:20px;\"><div class=\"fusion-column-wrapper fusion-flex-column-wrapper-legacy\" style=\"background-position:left top;background-repeat:no-repeat;-webkit-background-size:cover;-moz-background-size:cover;-o-background-size:cover;background-size:cover;padding: 0px 0px 0px 0px;\"><div id=\"grid-filters\" data-tax=\"post_tag\"><button class=\"filtro-grid filtro-attivo\" data-term=\"*\">TODOS<\/button><button class=\"filtro-grid\" data-term=\"news\">#news<\/button><button class=\"filtro-grid\" data-term=\"togetherforsustainability\">#togetherforsustainability<\/button><\/div><div id=\"pagingAction\" data-action=\"custom_news\"><\/div><div id=\"df1\" class=\"loader-dots\"><div class=\"single-dot sd1\"><\/div><div class=\"single-dot sd2\"><\/div><div class=\"single-dot sd3\"><\/div><div class=\"single-dot sd4\"><\/div><div class=\"single-dot sd5\"><\/div><\/div><div id=\"news-paged-list\"><div id=\"isotope-list-news\" class=\"isotope-list\" data-ptype=\"post\" style=\"display:flex;flex-wrap:wrap;\"><div class=\" list-item\"><div class=\"news-isotope__container\"><div class=\"news-isotope__half\"><p><\/p><div class=\"corpo-testo\"><div class=\"primo-titolo\">RISO SCOTTI VENERE <\/div><div class=\"secondo-titolo\">ARROZ NEGRO VENERE: UNA CADENA DE SUMINISTRO 100% ITALIANA<\/div><div class=\"estratto\">Exquisitez, Calidad y Bienestar. Estas son las caracter\u00edsticas de un arroz \u00fanico y vers\u00e1til que Riso Scotti comercializar\u00e1 en exclusiva en todo el mundo a partir del 1 de enero de 2022. Arroz Venere, Cous Cous con arroz integral Venere, Venere para pok\u00e9, Venere al vapor, tentempi\u00e9s y tortitas de arroz<\/div><\/div><a class=\"link-post\" href=\"https:\/\/www.risoscotti.com\/es\/?post_type=post&p=9390\"><span>LEER M\u00c1S<\/span><\/a><\/div><div class=\"news-isotope__half\" style=\"background: url(https:\/\/www.risoscotti.com\/wp-content\/uploads\/2021\/11\/RS-VENERE_groupage_1.jpg) center center no-repeat; background-size: cover;\"><\/div><\/div><\/div><div class=\"news  list-item\"><div class=\"news-isotope__container\"><div class=\"news-isotope__half\"><p>#news<\/p><div class=\"corpo-testo\"><div class=\"primo-titolo\">DE LA TRADICI\u00d3N A LA REVOLUCI\u00d3N<\/div><div class=\"secondo-titolo\">S\u00cd CON RISO HA NACIDO<\/div><div class=\"estratto\">Nace la l\u00ednea de productos \"S\u00ec con riso senza lattosio\u201d. Sabrosura para toda la familia<\/div><\/div><a class=\"link-post\" href=\"https:\/\/www.risoscotti.com\/es\/?post_type=post&p=4837\"><span>LEER M\u00c1S<\/span><\/a><\/div><div class=\"news-isotope__half\" style=\"background: url(https:\/\/www.risoscotti.com\/wp-content\/uploads\/2019\/02\/siconriso-page-1_ENG.jpg) center center no-repeat; background-size: cover;\"><\/div><\/div><\/div><div class=\"news  list-item\"><div class=\"news-isotope__container\"><div class=\"news-isotope__half\"><p>#news<\/p><div class=\"corpo-testo\"><div class=\"primo-titolo\">ESTILO ITALIANO<\/div><div class=\"secondo-titolo\">PARA MERCADOS INTERNACIONALES<\/div><div class=\"estratto\">El risotto italiano gana los gustos extranjeros<\/div><\/div><a class=\"link-post\" href=\"https:\/\/www.risoscotti.com\/es\/?post_type=post&p=4847\"><span>LEER M\u00c1S<\/span><\/a><\/div><div class=\"news-isotope__half\" style=\"background: url(https:\/\/www.risoscotti.com\/wp-content\/uploads\/2019\/01\/dpp_0038-min.jpg) center center no-repeat; background-size: cover;\"><\/div><\/div><\/div><\/div><\/div><div id=\"df2\" class=\"loader-dots\"><div class=\"single-dot sd1\"><\/div><div class=\"single-dot sd2\"><\/div><div class=\"single-dot sd3\"><\/div><div class=\"single-dot sd4\"><\/div><div class=\"single-dot sd5\"><\/div><\/div><div class=\"fusion-clearfix\"><\/div><\/div><\/div><\/div><\/div><div class=\"fusion-fullwidth fullwidth-box fusion-builder-row-5 d-none nonhundred-percent-fullwidth non-hundred-percent-height-scrolling\" style=\"background-color: rgba(255,255,255,0);background-position: center center;background-repeat: no-repeat;padding-top:0px;padding-right:0px;padding-bottom:0px;padding-left:0px;border-width: 0px 0px 0px 0px;border-color:#eae9e9;border-style:solid;\" ><div class=\"fusion-builder-row fusion-row\"><div class=\"fusion-layout-column fusion_builder_column fusion-builder-column-4 fusion_builder_column_1_1 1_1 fusion-one-full fusion-column-first fusion-column-last fusion-no-small-visibility\" style=\"margin-top:0px;margin-bottom:0px;\"><div class=\"fusion-column-wrapper fusion-flex-column-wrapper-legacy\" style=\"background-position:left top;background-repeat:no-repeat;-webkit-background-size:cover;-moz-background-size:cover;-o-background-size:cover;background-size:cover;padding: 0px 0px 0px 0px;\"><div class=\"imageframe-align-center\"><span class=\" fusion-imageframe imageframe-none imageframe-4 hover-type-none\"><img width=\"1920\" height=\"633\" title=\"News-fascia-kit-stampa\" src=\"https:\/\/www.risoscotti.com\/wp-content\/uploads\/2019\/07\/News-fascia-kit-stampa.jpg\" data-orig-src=\"https:\/\/www.risoscotti.com\/wp-content\/uploads\/2019\/07\/News-fascia-kit-stampa.jpg\" class=\"lazyload img-responsive wp-image-5739\" srcset=\"data:image\/svg+xml,%3Csvg%20xmlns%3D%27http%3A%2F%2Fwww.w3.org%2F2000%2Fsvg%27%20width%3D%271920%27%20height%3D%27633%27%20viewBox%3D%270%200%201920%20633%27%3E%3Crect%20width%3D%271920%27%20height%3D%27633%27%20fill-opacity%3D%220%22%2F%3E%3C%2Fsvg%3E\" data-srcset=\"https:\/\/www.risoscotti.com\/wp-content\/uploads\/2019\/07\/News-fascia-kit-stampa-200x66.jpg 200w, https:\/\/www.risoscotti.com\/wp-content\/uploads\/2019\/07\/News-fascia-kit-stampa-400x132.jpg 400w, https:\/\/www.risoscotti.com\/wp-content\/uploads\/2019\/07\/News-fascia-kit-stampa-600x198.jpg 600w, https:\/\/www.risoscotti.com\/wp-content\/uploads\/2019\/07\/News-fascia-kit-stampa-800x264.jpg 800w, https:\/\/www.risoscotti.com\/wp-content\/uploads\/2019\/07\/News-fascia-kit-stampa-1200x396.jpg 1200w, https:\/\/www.risoscotti.com\/wp-content\/uploads\/2019\/07\/News-fascia-kit-stampa.jpg 1920w\" data-sizes=\"auto\" data-orig-sizes=\"(max-width: 1024px) 100vw, 1920px\" \/><\/span><\/div><div class=\"fusion-clearfix\"><\/div><\/div><\/div><div class=\"fusion-layout-column fusion_builder_column fusion-builder-column-5 fusion_builder_column_1_2 1_2 fusion-one-half fusion-column-first Secondary-aside-info\" style=\"width:50%;width:calc(50% - ( ( 0 ) * 0.5 ) );margin-right: 0px;margin-top:-120px;margin-bottom:120px;\"><div class=\"fusion-column-wrapper fusion-flex-column-wrapper-legacy\" style=\"background-position:left top;background-repeat:no-repeat;-webkit-background-size:cover;-moz-background-size:cover;-o-background-size:cover;background-size:cover;background-color:#f5f4f4;padding: 30px 30px 20px 30px;\"><style type=\"text\/css\"><\/style><div class=\"fusion-title title fusion-title-2 fusion-sep-none fusion-title-center fusion-title-text fusion-title-size-two\" style=\"font-size:72px;margin-top:0px;margin-right:0px;margin-bottom:40px;margin-left:0px;\"><h2 class=\"title-heading-center\" style=\"margin:0;font-size:1em;color:#002957;line-height:1;\"><p style=\"text-align: center; margin-bottom: 0;\">CERCHI IL NOSTRO<\/p>\n<p style=\"text-align: center; margin-bottom: 0;\"><strong>KIT STAMPA?<\/strong><\/p><\/h2><\/div><div class=\"fusion-aligncenter\"><style type=\"text\/css\">.fusion-button.button-2 .fusion-button-text, .fusion-button.button-2 i {color:#002957;}.fusion-button.button-2 .fusion-button-icon-divider{border-color:#002957;}.fusion-button.button-2:hover .fusion-button-text, .fusion-button.button-2:hover i,.fusion-button.button-2:focus .fusion-button-text, .fusion-button.button-2:focus i,.fusion-button.button-2:active .fusion-button-text, .fusion-button.button-2:active{color:#ffffff;}.fusion-button.button-2:hover .fusion-button-icon-divider, .fusion-button.button-2:hover .fusion-button-icon-divider, .fusion-button.button-2:active .fusion-button-icon-divider{border-color:#ffffff;}.fusion-button.button-2:hover, .fusion-button.button-2:focus, .fusion-button.button-2:active{border-color:#ffffff;border-width:1px;}.fusion-button.button-2 {border-color:#002957;border-width:1px;border-radius:25px;}.fusion-button.button-2{background: rgba(255,255,255,0);}.fusion-button.button-2:hover,.button-2:focus,.fusion-button.button-2:active{background: #002957;}.fusion-button.button-2 .fusion-button-text {text-transform:uppercase;}<\/style><a class=\"fusion-button button-flat button-large button-custom button-2 fusion-button-default-span fusion-button-default-type Prodotti-Button-acquisto\" target=\"_self\" href=\"#\"><span class=\"fusion-button-text\">SCARICALO QUI<\/span><\/a><\/div><div class=\"fusion-clearfix\"><\/div><\/div><\/div><\/div><\/div><div class=\"fusion-fullwidth fullwidth-box fusion-builder-row-6 nonhundred-percent-fullwidth non-hundred-percent-height-scrolling\" style=\"background-color: rgba(255,255,255,0);background-position: center center;background-repeat: no-repeat;padding-top:0px;padding-right:0px;padding-bottom:0px;padding-left:0px;border-width: 0px 0px 0px 0px;border-color:#eae9e9;border-style:solid;\" ><div class=\"fusion-builder-row fusion-row\"><div class=\"fusion-layout-column fusion_builder_column fusion-builder-column-6 fusion_builder_column_1_1 1_1 fusion-one-full fusion-column-first fusion-column-last\" style=\"margin-top:0px;margin-bottom:0px;\"><div class=\"fusion-column-wrapper fusion-flex-column-wrapper-legacy\" style=\"background-position:left top;background-repeat:no-repeat;-webkit-background-size:cover;-moz-background-size:cover;-o-background-size:cover;background-size:cover;padding: 0px 0px 0px 0px;\">\n<div id=\"sb_instagram\"  class=\"sbi sbi_mob_col_1 sbi_tab_col_2 sbi_col_6\" style=\"width: 100%;\"\t data-feedid=\"*1\"  data-res=\"auto\" data-cols=\"6\" data-colsmobile=\"1\" data-colstablet=\"2\" data-num=\"6\" data-nummobile=\"\" data-item-padding=\"\"\t data-shortcode-atts=\"{}\"  data-postid=\"4847\" data-locatornonce=\"798f3d9fe7\" data-imageaspectratio=\"1:1\" data-sbi-flags=\"favorLocal,gdpr\">\n\t\n\t<div id=\"sbi_images\" >\n\t\t\t<\/div>\n\n\t<div id=\"sbi_load\" >\n\n\t\n\t\n<\/div>\n\t\t<span class=\"sbi_resized_image_data\" data-feed-id=\"*1\"\n\t\t  data-resized=\"[]\">\n\t<\/span>\n\t<\/div>\n\n<div class=\"fusion-clearfix\"><\/div><\/div><\/div><\/div><\/div><\/p>\n","protected":false},"excerpt":{"rendered":"","protected":false},"author":1,"featured_media":0,"parent":0,"menu_order":0,"comment_status":"closed","ping_status":"closed","template":"","meta":[],"yoast_head":"<!-- This site is optimized with the Yoast SEO plugin v16.2 - https:\/\/yoast.com\/wordpress\/plugins\/seo\/ -->\n<title>Noticias - Riso Scotti SPA<\/title>\n<meta name=\"robots\" content=\"index, follow, max-snippet:-1, max-image-preview:large, max-video-preview:-1\" \/>\n<link rel=\"canonical\" href=\"https:\/\/www.risoscotti.com\/es\/noticias\/\" \/>\n<meta property=\"og:locale\" content=\"es_ES\" \/>\n<meta property=\"og:type\" content=\"article\" \/>\n<meta property=\"og:title\" content=\"Noticias - Riso Scotti SPA\" \/>\n<meta property=\"og:url\" content=\"https:\/\/www.risoscotti.com\/es\/noticias\/\" \/>\n<meta property=\"og:site_name\" content=\"Riso Scotti SPA\" \/>\n<meta property=\"article:modified_time\" content=\"2021-04-15T08:47:05+00:00\" \/>\n<meta name=\"twitter:card\" content=\"summary_large_image\" \/>\n<meta name=\"twitter:label1\" content=\"Tiempo de lectura\">\n\t<meta name=\"twitter:data1\" content=\"13 minutos\">\n<script type=\"application\/ld+json\" class=\"yoast-schema-graph\">{\"@context\":\"https:\/\/schema.org\",\"@graph\":[{\"@type\":\"WebSite\",\"@id\":\"https:\/\/www.risoscotti.com\/#website\",\"url\":\"https:\/\/www.risoscotti.com\/\",\"name\":\"Riso Scotti SPA\",\"description\":\"Da oltre 150 anni diamo pi\\u00f9 valore al Riso.\",\"potentialAction\":[{\"@type\":\"SearchAction\",\"target\":\"https:\/\/www.risoscotti.com\/?s={search_term_string}\",\"query-input\":\"required name=search_term_string\"}],\"inLanguage\":\"es\"},{\"@type\":\"WebPage\",\"@id\":\"https:\/\/www.risoscotti.com\/es\/noticias\/#webpage\",\"url\":\"https:\/\/www.risoscotti.com\/es\/noticias\/\",\"name\":\"Noticias - Riso Scotti SPA\",\"isPartOf\":{\"@id\":\"https:\/\/www.risoscotti.com\/#website\"},\"datePublished\":\"2019-05-03T15:01:20+00:00\",\"dateModified\":\"2021-04-15T08:47:05+00:00\",\"breadcrumb\":{\"@id\":\"https:\/\/www.risoscotti.com\/es\/noticias\/#breadcrumb\"},\"inLanguage\":\"es\",\"potentialAction\":[{\"@type\":\"ReadAction\",\"target\":[\"https:\/\/www.risoscotti.com\/es\/noticias\/\"]}]},{\"@type\":\"BreadcrumbList\",\"@id\":\"https:\/\/www.risoscotti.com\/es\/noticias\/#breadcrumb\",\"itemListElement\":[{\"@type\":\"ListItem\",\"position\":1,\"item\":{\"@type\":\"WebPage\",\"@id\":\"https:\/\/www.risoscotti.com\/es\/home\/\",\"url\":\"https:\/\/www.risoscotti.com\/es\/home\/\",\"name\":\"Home\"}},{\"@type\":\"ListItem\",\"position\":2,\"item\":{\"@id\":\"https:\/\/www.risoscotti.com\/es\/noticias\/#webpage\"}}]}]}<\/script>\n<!-- \/ Yoast SEO plugin. -->","_links":{"self":[{"href":"https:\/\/www.risoscotti.com\/es\/wp-json\/wp\/v2\/pages\/4818"}],"collection":[{"href":"https:\/\/www.risoscotti.com\/es\/wp-json\/wp\/v2\/pages"}],"about":[{"href":"https:\/\/www.risoscotti.com\/es\/wp-json\/wp\/v2\/types\/page"}],"author":[{"embeddable":true,"href":"https:\/\/www.risoscotti.com\/es\/wp-json\/wp\/v2\/users\/1"}],"replies":[{"embeddable":true,"href":"https:\/\/www.risoscotti.com\/es\/wp-json\/wp\/v2\/comments?post=4818"}],"version-history":[{"count":11,"href":"https:\/\/www.risoscotti.com\/es\/wp-json\/wp\/v2\/pages\/4818\/revisions"}],"predecessor-version":[{"id":8425,"href":"https:\/\/www.risoscotti.com\/es\/wp-json\/wp\/v2\/pages\/4818\/revisions\/8425"}],"wp:attachment":[{"href":"https:\/\/www.risoscotti.com\/es\/wp-json\/wp\/v2\/media?parent=4818"}],"curies":[{"name":"wp","href":"https:\/\/api.w.org\/{rel}","templated":true}]}}