{"id":9742,"date":"2022-06-07T11:25:36","date_gmt":"2022-06-07T09:25:36","guid":{"rendered":"https:\/\/www.risoscotti.com\/datenschutzerklaerung-datenschutzerklae\/"},"modified":"2022-06-07T11:25:38","modified_gmt":"2022-06-07T09:25:38","slug":"datenschutzerklaerung-datenschutzerklae","status":"publish","type":"page","link":"https:\/\/www.risoscotti.com\/de\/datenschutzerklaerung-datenschutzerklae\/","title":{"rendered":"DATENSCHUTZERKL\u00c4RUNG Datenschutzerkl\u00e4"},"content":{"rendered":"<p><div class=\"fusion-fullwidth fullwidth-box fusion-builder-row-1 nonhundred-percent-fullwidth non-hundred-percent-height-scrolling\" style=\"background-color: rgba(255,255,255,0);background-position: center center;background-repeat: no-repeat;padding-top:0px;padding-right:0px;padding-bottom:0px;padding-left:0px;border-width: 0px 0px 0px 0px;border-color:#eae9e9;border-style:solid;\" ><div class=\"fusion-builder-row fusion-row\"><div class=\"fusion-layout-column fusion_builder_column fusion-builder-column-0 fusion_builder_column_1_1 1_1 fusion-one-full fusion-column-first fusion-column-last\" style=\"margin-top:0px;margin-bottom:0px;\"><div class=\"fusion-column-wrapper fusion-flex-column-wrapper-legacy\" style=\"background-position:left top;background-repeat:no-repeat;-webkit-background-size:cover;-moz-background-size:cover;-o-background-size:cover;background-size:cover;padding: 0px 0px 0px 0px;\"><span class=\" fusion-imageframe imageframe-none imageframe-1 hover-type-none\"><img width=\"1920\" height=\"767\" title=\"Azienda-fascia-1\" src=\"https:\/\/www.risoscotti.com\/wp-content\/uploads\/2019\/05\/Azienda-fascia-1.jpg\" data-orig-src=\"https:\/\/www.risoscotti.com\/wp-content\/uploads\/2019\/05\/Azienda-fascia-1.jpg\" class=\"lazyload img-responsive wp-image-9620\" srcset=\"data:image\/svg+xml,%3Csvg%20xmlns%3D%27http%3A%2F%2Fwww.w3.org%2F2000%2Fsvg%27%20width%3D%271920%27%20height%3D%27767%27%20viewBox%3D%270%200%201920%20767%27%3E%3Crect%20width%3D%271920%27%20height%3D%27767%27%20fill-opacity%3D%220%22%2F%3E%3C%2Fsvg%3E\" data-srcset=\"https:\/\/www.risoscotti.com\/wp-content\/uploads\/2019\/05\/Azienda-fascia-1-200x80.jpg 200w, https:\/\/www.risoscotti.com\/wp-content\/uploads\/2019\/05\/Azienda-fascia-1-400x160.jpg 400w, https:\/\/www.risoscotti.com\/wp-content\/uploads\/2019\/05\/Azienda-fascia-1-600x240.jpg 600w, https:\/\/www.risoscotti.com\/wp-content\/uploads\/2019\/05\/Azienda-fascia-1-800x320.jpg 800w, https:\/\/www.risoscotti.com\/wp-content\/uploads\/2019\/05\/Azienda-fascia-1-1200x479.jpg 1200w, https:\/\/www.risoscotti.com\/wp-content\/uploads\/2019\/05\/Azienda-fascia-1.jpg 1920w\" data-sizes=\"auto\" data-orig-sizes=\"(max-width: 1024px) 100vw, 1920px\" \/><\/span><div class=\"fusion-clearfix\"><\/div><\/div><\/div><\/div><\/div><div class=\"fusion-fullwidth fullwidth-box fusion-builder-row-2 nonhundred-percent-fullwidth non-hundred-percent-height-scrolling\" style=\"background-color: rgba(255,255,255,0);background-position: center center;background-repeat: no-repeat;padding-top:0px;padding-right:0px;padding-bottom:0px;padding-left:0px;border-width: 0px 0px 0px 0px;border-color:#eae9e9;border-style:solid;\" ><div class=\"fusion-builder-row fusion-row\"><div class=\"fusion-layout-column fusion_builder_column fusion-builder-column-1 fusion_builder_column_1_1 1_1 fusion-one-full fusion-column-first fusion-column-last Home-banner-carousel\" style=\"margin-top:0px;margin-bottom:0px;\"><div class=\"fusion-column-wrapper fusion-flex-column-wrapper-legacy\" style=\"background-position:left top;background-repeat:no-repeat;-webkit-background-size:cover;-moz-background-size:cover;-o-background-size:cover;background-size:cover;padding: 0px 0px 0px 0px;\"><div class=\"imageframe-align-center\"><span class=\" fusion-imageframe imageframe-none imageframe-2 hover-type-none Home-banner-carousel\"><img width=\"1920\" height=\"411\" title=\"Banda-banner\" src=\"https:\/\/www.risoscotti.com\/wp-content\/uploads\/2019\/05\/Banda-banner.png\" data-orig-src=\"https:\/\/www.risoscotti.com\/wp-content\/uploads\/2019\/05\/Banda-banner.png\" class=\"lazyload img-responsive wp-image-62\" srcset=\"data:image\/svg+xml,%3Csvg%20xmlns%3D%27http%3A%2F%2Fwww.w3.org%2F2000%2Fsvg%27%20width%3D%271920%27%20height%3D%27411%27%20viewBox%3D%270%200%201920%20411%27%3E%3Crect%20width%3D%271920%27%20height%3D%27411%27%20fill-opacity%3D%220%22%2F%3E%3C%2Fsvg%3E\" data-srcset=\"https:\/\/www.risoscotti.com\/wp-content\/uploads\/2019\/05\/Banda-banner-200x43.png 200w, https:\/\/www.risoscotti.com\/wp-content\/uploads\/2019\/05\/Banda-banner-400x86.png 400w, https:\/\/www.risoscotti.com\/wp-content\/uploads\/2019\/05\/Banda-banner-600x128.png 600w, https:\/\/www.risoscotti.com\/wp-content\/uploads\/2019\/05\/Banda-banner-800x171.png 800w, https:\/\/www.risoscotti.com\/wp-content\/uploads\/2019\/05\/Banda-banner-1200x257.png 1200w, https:\/\/www.risoscotti.com\/wp-content\/uploads\/2019\/05\/Banda-banner.png 1920w\" data-sizes=\"auto\" data-orig-sizes=\"(max-width: 1024px) 100vw, 1920px\" \/><\/span><\/div><div class=\"fusion-clearfix\"><\/div><\/div><\/div><\/div><\/div><div class=\"fusion-fullwidth fullwidth-box fusion-builder-row-3 Secondary-core nonhundred-percent-fullwidth non-hundred-percent-height-scrolling\" style=\"background-color: rgba(255,255,255,0);background-position: center center;background-repeat: no-repeat;padding-top:0px;padding-right:20px;padding-bottom:0px;padding-left:20px;margin-bottom: 150px;margin-top: 150px;border-width: 0px 0px 0px 0px;border-color:#eae9e9;border-style:solid;\" ><div class=\"fusion-builder-row fusion-row\"><div class=\"fusion-layout-column fusion_builder_column fusion-builder-column-2 fusion_builder_column_1_1 1_1 fusion-one-full fusion-column-first fusion-column-last\" style=\"margin-top:0px;margin-bottom:0px;\"><div class=\"fusion-column-wrapper fusion-flex-column-wrapper-legacy\" style=\"background-position:left top;background-repeat:no-repeat;-webkit-background-size:cover;-moz-background-size:cover;-o-background-size:cover;background-size:cover;padding: 0px 0px 0px 0px;\"><style type=\"text\/css\"><\/style><div class=\"fusion-title title fusion-title-1 fusion-sep-none fusion-title-text fusion-title-size-two\" style=\"font-size:72px;margin-top:0px;margin-right:0px;margin-bottom:30px;margin-left:0px;\"><h2 class=\"title-heading-left\" style=\"margin:0;font-size:1em;color:#002957;line-height:1;\"><p class=\"p1\">DATENSCHUTZERKL\u00c4RUNG<\/p><\/h2><\/div><div class=\"fusion-text fusion-text-1\"><p class=\"p1\">Sehr geehrte Nutzer und Nutzerinnen, diese Datenschutzerkl\u00e4rung wurde gem\u00e4\u00df Art. 13 der Verordnung (EU) 679\/2016 (Datenschutz-Grundverordnung, im Folgenden DSGVO) erstellt.<\/p>\n<p class=\"p1\">In ihr sind alle Verfahren und Zwecke beschrieben, f\u00fcr die Ihre personenbezogenen Daten w\u00e4hrend der Navigation auf der Website (im Folgenden \u201eWebsite\u201c) und bei der Nutzung der verschiedenen Funktionen und Dienste, die auf dieser zur Verf\u00fcgung stehen, verarbeitet werden.<\/p>\n<\/div><style type=\"text\/css\"><\/style><div class=\"fusion-title title fusion-title-2 fusion-sep-none fusion-title-text fusion-title-size-three\" style=\"font-size:24px;margin-top:40px;margin-right:0px;margin-bottom:10px;margin-left:0px;\"><h3 class=\"title-heading-left\" style=\"margin:0;font-size:1em;color:#000000;line-height:1;\"><p class=\"p1\"><strong>VERANTWORTLICHER F\u00dcR DIE DATENVERARBEITUNG<\/strong><\/p><\/h3><\/div><div class=\"fusion-text fusion-text-2\"><p class=\"p1\">Verantwortlicher f\u00fcr die Verarbeitung Ihrer personenbezogenen Daten ist die Riso Scotti S.p.A. (im Folgenden auch \u201eVerantwortlicher\u201c) in der Person ihres gesetzlichen Vertreters am Verwaltungssitz des Unternehmens. Bei Fragen, Anfragen oder Anforderung von Informationen zu dieser Datenschutzerkl\u00e4rung oder der Verarbeitung Ihrer pers\u00f6nlichen Daten im Allgemeinen k\u00f6nnen Sie den Verantwortlichen unter der E-Mail-Adresse <a href=\"mailto:privacy@risoscotti.it\">privacy@risoscotti.it<\/a>, per Einschreiben unter der Adresse Riso Scotti SPA, Via Angelo Scotti 2, 27100 Pavia (PV) \u2013 Italien, oder telefonisch unter folgender Nummer kontaktieren: +39\u00a003825081<\/p>\n<\/div><style type=\"text\/css\"><\/style><div class=\"fusion-title title fusion-title-3 fusion-sep-none fusion-title-text fusion-title-size-three\" style=\"font-size:24px;margin-top:40px;margin-right:0px;margin-bottom:10px;margin-left:0px;\"><h3 class=\"title-heading-left\" style=\"margin:0;font-size:1em;color:#000000;line-height:1;\"><p class=\"p1\"><strong>KATEGORIEN PERSONENBEZOGENER DATEN<\/strong><\/p><\/h3><\/div><div class=\"fusion-text fusion-text-3\"><p class=\"p1\">W\u00e4hrend Sie auf der Website navigieren und die entsprechenden Funktionen\/Dienste nutzen, verarbeitet der Verantwortliche die folgenden Kategorien personenbezogener Daten:<\/p>\n<ol>\n<li class=\"p1\">Informationen und Daten betreffend die Navigation auf der Website (z. B. u. a. Informationen zu den Seiten und Bereichen der Website, die Sie besucht haben, Ihren Aktivit\u00e4ten auf der Website, der Zeit, die Sie auf jeder Seite und in jedem Bereich verweilen, usw.);<\/li>\n<li class=\"p1\">Informationen und Daten in Bezug auf die Ger\u00e4te, die Sie f\u00fcr die Navigation auf der Website und die Inanspruchnahme deren Funktionen und Dienste nutzen (z. B. u. a. IP-Adresse, Browser, Art des verwendeten Ger\u00e4ts, Daten zu Ihrem Standort \u2013 nur, wenn Sie zuvor in diese Verarbeitung eingewilligt haben \u2013, Informationen von Cookies oder \u00e4hnlichen Tools, die von den Seiten der Website abgelegt werden);<\/li>\n<li class=\"p1\">wenn Sie sich im passwortgesch\u00fctzten Bereich der Website (im Folgenden auch \u201epasswortgesch\u00fctzter Bereich\u201c) registrieren m\u00f6chten (oder sich bereits registriert haben), die personenbezogenen Daten, die erforderlich sind, um Ihren Account anzulegen, sowie die \u00fcbrigen Daten, die in den passwortgesch\u00fctzten Bereich eingegeben werden k\u00f6nnen (Vorname, Nachname, Rechnungs- und Lieferadresse, etwaige USt.-IdNr.) und Informationen \u00fcber die Aktivit\u00e4ten, die Sie nach dem Anmelden auf der Website (z. B. Nutzung von registrierten Nutzern vorbehaltenen Diensten) oder im passwortgesch\u00fctzten Bereich ausf\u00fchren;<\/li>\n<li class=\"p1\">wenn Sie beschlie\u00dfen, auf der E-Commerce-Website mit der Bezeichnung \u201eE-Shop\u201c gesch\u00e4ftliche Transaktionen durchzuf\u00fchren, personenbezogene Daten und Informationen \u00fcber die Transaktion (z. B. u. a. Kenndaten, Kontaktdaten, Lieferadresse bei etwaigen Lieferungen, Zahlungsdaten, Rechnungsdaten, sofern diese Option ausgew\u00e4hlt wurde);<\/li>\n<li class=\"p1\">die E-Mail-Adresse, die Sie w\u00e4hrend des Abschlusses der gesch\u00e4ftlichen Transaktion auf der Website angegeben haben, um Mitteilungen (\u201eNewsletters\u201c) \u00fcber Neuheiten, Aktionen und Angebote f\u00fcr Produkte und Dienstleistungen im Rahmen der Transaktion oder \u00e4hnliche Produkte und Dienstleistungen zu erhalten;<\/li>\n<li class=\"p1\">wenn Sie entscheiden, den Verantwortlichen zu kontaktieren, indem Sie das entsprechende Formular im Bereich \u201eKontakt\u201c auf der Website ausf\u00fcllen (oder Mitteilungen an die Kontaktadressen des Verantwortlichen, die auf der Website verf\u00fcgbar sind, \u00fcbermitteln), die personenbezogenen Daten und Informationen, die erforderlich sind, um die Kontaktanfragen zu \u00fcbermitteln und Ihre Mitteilung zu bearbeiten (Vorname, Nachname, E-Mail-Adresse zur Best\u00e4tigung sowie Inhalt der Informationen oder Anfragen, die Sie \u00fcbermitteln);<\/li>\n<li class=\"p1\">\u00a0wenn Sie entscheiden, dass Sie Werbemitteilungen vom Verantwortlichen erhalten m\u00f6chten (z. B. den Newsletter), nach Erteilung Ihrer ausdr\u00fccklichen Einwilligung Ihre Kontaktangaben (z. B. u. a. Ihre E-Mail-Adresse);<\/li>\n<li class=\"p1\">wenn Sie entscheiden, an Umfragen, Marktstudien und allgemeiner an statistischen Surveys teilzunehmen, die vom Verantwortlichen oder Dritten angeboten werden, nach ausdr\u00fccklicher Erteilung Ihrer Einwilligung Ihre Kontaktdaten (z. B. E-Mail-Adresse) sowie die Informationen\/Vorlieben, die sich aus der durchgef\u00fchrten Umfrage ergeben haben;<\/li>\n<li class=\"p1\">wenn Sie an vom Verantwortlichen \u00fcber die Website durchgef\u00fchrten Werbeaktionen oder Preisausschreiben teilnehmen, die Kenndaten (z. B. Vor- und Nachname), Kontaktdaten (z. B. E-Mail-Adresse, Telefonnummer) und Lieferdaten (z. B. u. a. Anschrift), die erforderlich sind, um Ihre Teilnahme und die etwaige Bearbeitung in der Gewinn-\/Auswahlphase zu erm\u00f6glichen;<\/li>\n<li class=\"p1\">Wenn Sie die M\u00f6glichkeit in Anspruch genommen haben, mit den Inhalten der Website und Ihren Profilen in sozialen Netzwerken zu interagieren (z. B. \u201eLike\u201c- oder \u201eTweet\u201c-Buttons), werden auch die Daten und Informationen dieser Profile verarbeitet.<\/li>\n<\/ol>\n<p class=\"p1\">Die personenbezogenen Daten der Kategorien 1) und 2) werden automatisch vom Verantwortlichen erhoben, w\u00e4hrend Sie auf der Website navigieren. Die personenbezogenen Daten der anderen Kategorien werden direkt von Ihnen und mit Ihrer Einwilligung bereitgestellt.<\/p>\n<\/div><style type=\"text\/css\"><\/style><div class=\"fusion-title title fusion-title-4 fusion-sep-none fusion-title-text fusion-title-size-three\" style=\"font-size:24px;margin-top:40px;margin-right:0px;margin-bottom:10px;margin-left:0px;\"><h3 class=\"title-heading-left\" style=\"margin:0;font-size:1em;color:#000000;line-height:1;\"><p class=\"p1\"><strong>ANGABE PERSONENBEZOGENER DATEN<\/strong><\/p><\/h3><\/div><div class=\"fusion-text fusion-text-4\"><p class=\"p1\">Die Angabe der personenbezogenen Daten ist freiwillig. Bei einigen Daten ist sie jedoch verpflichtend (wenn die entsprechenden Felder mit einem Sternchen oder auf sonst eine Weise als verpflichtend gekennzeichnet sind), damit die Riso Scotti S.p.A. die Anforderungen des Nutzers im Rahmen der Funktionen der Website erf\u00fcllen kann. Werden mit einem Sternchen gekennzeichnete personenbezogene Daten, die notwendig sind, um den gew\u00fcnschten Dienst zu erbringen, nicht, nur teilweise oder fehlerhaft angegeben, kann der entsprechende Dienst nicht erbracht werden. Werden dagegen freiwillige personenbezogene Daten nicht, nur teilweise oder fehlerhaft angegeben, hat dies keinerlei Folgen.<\/p>\n<\/div><style type=\"text\/css\"><\/style><div class=\"fusion-title title fusion-title-5 fusion-sep-none fusion-title-text fusion-title-size-three\" style=\"font-size:24px;margin-top:40px;margin-right:0px;margin-bottom:10px;margin-left:0px;\"><h3 class=\"title-heading-left\" style=\"margin:0;font-size:1em;color:#000000;line-height:1;\"><p class=\"p1\"><strong>RECHTSGRUNDLAGE UND ZWECKE DER VERARBEITUNG<\/strong><\/p><\/h3><\/div><div class=\"fusion-text fusion-text-5\"><p class=\"p1\">Die Daten werden gem\u00e4\u00df der nachfolgenden Beschreibung nur f\u00fcr die Zwecke verarbeitet, f\u00fcr die sie erhoben wurden, und zwar um<\/p>\n<ol>\n<li class=\"p1\">die Navigation auf der Website, den Zugriff auf deren Seiten und Bereiche, die Nutzung deren Funktionen und Dienste (einschlie\u00dflich der Interaktion mit den Profilen sozialer Netzwerke) zu erm\u00f6glichen. Rechtsgrundlage: Art. 6(i)(b) DSGVO;<\/li>\n<li class=\"p1\">Ihre Registrierung im passwortgesch\u00fctzten Bereich und die Inanspruchnahme der registrierten Nutzern gebotenen Dienstleistungen zu erm\u00f6glichen. Rechtsgrundlage: Art. 6(i)(b) DSGVO;<\/li>\n<li class=\"p1\">die Durchf\u00fchrung und den Abschluss von gesch\u00e4ftlichen Transaktionen in den speziellen Bereichen der Website und entsprechend die Bearbeitung einer jeden Transaktionsphase zu erm\u00f6glichen (Annahme von Zahlungen, etwaiger Versand von Produkten oder Erbringung von Dienstleistungen). Rechtsgrundlage: Art. 6(i)(b) DSGVO;<\/li>\n<li class=\"p1\">bei Transaktionen auf der Website dem Verantwortlichen die ordnungsgem\u00e4\u00dfe Rechnungsf\u00fchrung sowie die Erf\u00fcllung der einschl\u00e4gigen buchhalterischen, steuerlichen und administrativen Verpflichtungen zu erm\u00f6glichen (z. B. u. a. gem\u00e4\u00df Art. 2220 des italienischen B\u00fcrgerlichen Gesetzbuchs Codice Civile). Datenverarbeitungen zur Erf\u00fcllung rechtlicher Verpflichtungen des Verantwortlichen unterliegen Art. 6(i)(c) DSGVO;<\/li>\n<li class=\"p1\">Ihre Kontaktanfragen oder die Anforderung von Informationen \u00fcber den Bereich \u201eKontakt\u201c der Website (oder durch die \u00dcbermittlung von Mitteilungen an die auf der Website verf\u00fcgbaren Kontaktadressen des Verantwortlichen) zu bearbeiten. Rechtsgrundlage: Art. 6(i)(b) DSGVO;<\/li>\n<li class=\"p1\">Werbemitteilungen vom Verantwortlichen zu erhalten;<\/li>\n<li class=\"p1\">Ihnen die Teilnahme an Umfragen, Marktstudien und allgemeiner an statistischen Surveys zu erm\u00f6glichen, die vom Verantwortlichen oder Dritten angeboten werden. Die Verarbeitung erfolgt mit der Einwilligung der betroffenen Person (Art. 6(i)(a) DSGVO);<\/li>\n<li class=\"p1\">dem Verantwortlichen zu erm\u00f6glichen, Anfragen von Verwaltungs-, Justiz- oder Polizeibeh\u00f6rden Folge zu leisten (z. B. u. a. gem\u00e4\u00df Art. 210 des italienischen B\u00fcrgerlichen Gesetzbuchs oder Art. 248 des italienischen Strafgesetzbuchs). Datenverarbeitungen zur Erf\u00fcllung rechtlicher Verpflichtungen des Verantwortlichen unterliegen Art. 6(i)(c) DSGVO;<\/li>\n<li class=\"p1\">dem Verantwortlichen die Geltendmachung, Aus\u00fcbung oder Verteidigung von Rechtsanspr\u00fcchen zu erm\u00f6glichen, sowohl gerichtlich als auch au\u00dfergerichtlich bzw. im Rahmen von Kontroversen oder Rechtsstreiten (die von Ihnen, vom Verantwortlichen, Dritten oder Justiz- oder Verwaltungsbeh\u00f6rden angestrengt wurden). Datenverarbeitung, um das rechtm\u00e4\u00dfige Interesse des Verantwortlichen zu verfolgen (Art. 6(i)(f) DSGVO);<\/li>\n<li class=\"p1\">Ihr Navigationserlebnis auf der Website zu bewerten, um dieses nach den festgestellten Informationen zu aktualisieren und zu optimieren und ein besseres Navigationserlebnis bereitzustellen. Datenverarbeitung, um das rechtm\u00e4\u00dfige Interesse des Verantwortlichen zu verfolgen (Art. 6(i)(f) DSGVO);<\/li>\n<li class=\"p1\">dem Verantwortlichen oder von diesem beauftragten Dritten zu erm\u00f6glichen, die korrekte Navigation auf der Website durch die Nutzer und\/oder die Rechtm\u00e4\u00dfigkeit der durchgef\u00fchrten Transaktionen zu pr\u00fcfen, sodass der Verantwortliche sich vor Betrug und b\u00f6swilligem oder schuldhaftem Verhalten seitens der Nutzer auf der Website sch\u00fctzen kann. Datenverarbeitung, um das rechtm\u00e4\u00dfige Interesse des Verantwortlichen zu verfolgen (Art. 6(i)(f) DSGVO);<\/li>\n<li class=\"p1\">Ihnen nach dem Abschluss der Transaktion auf der Website Werbemitteilungen und Informationen \u00fcber Neuheiten, Aktionen und Angebote f\u00fcr Produkte oder Dienstleistungen im Rahmen der Transaktion oder \u00e4hnliche Produkte und Dienstleistungen zu \u00fcbermitteln. Datenverarbeitung, um das rechtm\u00e4\u00dfige Interesse des Verantwortlichen zu verfolgen (Art. 6(i)(f) DSGVO).<\/li>\n<\/ol>\n<\/div><div class=\"fusion-clearfix\"><\/div><\/div><\/div><\/div><\/div><\/p>\n","protected":false},"excerpt":{"rendered":"","protected":false},"author":1,"featured_media":0,"parent":0,"menu_order":0,"comment_status":"closed","ping_status":"open","template":"","meta":[],"yoast_head":"<!-- This site is optimized with the Yoast SEO plugin v16.2 - https:\/\/yoast.com\/wordpress\/plugins\/seo\/ -->\n<title>DATENSCHUTZERKL\u00c4RUNG Datenschutzerkl\u00e4 - Riso Scotti SPA<\/title>\n<meta name=\"robots\" content=\"index, follow, max-snippet:-1, max-image-preview:large, max-video-preview:-1\" \/>\n<link rel=\"canonical\" href=\"https:\/\/www.risoscotti.com\/de\/datenschutzerklaerung-datenschutzerklae\/\" \/>\n<meta property=\"og:locale\" content=\"de_DE\" \/>\n<meta property=\"og:type\" content=\"article\" \/>\n<meta property=\"og:title\" content=\"DATENSCHUTZERKL\u00c4RUNG Datenschutzerkl\u00e4 - Riso Scotti SPA\" \/>\n<meta property=\"og:url\" content=\"https:\/\/www.risoscotti.com\/de\/datenschutzerklaerung-datenschutzerklae\/\" \/>\n<meta property=\"og:site_name\" content=\"Riso Scotti SPA\" \/>\n<meta property=\"article:modified_time\" content=\"2022-06-07T09:25:38+00:00\" \/>\n<meta name=\"twitter:card\" content=\"summary_large_image\" \/>\n<meta name=\"twitter:label1\" content=\"Gesch\u00e4tzte Lesezeit\">\n\t<meta name=\"twitter:data1\" content=\"12\u00a0Minuten\">\n<script type=\"application\/ld+json\" class=\"yoast-schema-graph\">{\"@context\":\"https:\/\/schema.org\",\"@graph\":[{\"@type\":\"WebSite\",\"@id\":\"https:\/\/www.risoscotti.com\/#website\",\"url\":\"https:\/\/www.risoscotti.com\/\",\"name\":\"Riso Scotti SPA\",\"description\":\"Da oltre 150 anni diamo pi\\u00f9 valore al Riso.\",\"potentialAction\":[{\"@type\":\"SearchAction\",\"target\":\"https:\/\/www.risoscotti.com\/?s={search_term_string}\",\"query-input\":\"required name=search_term_string\"}],\"inLanguage\":\"de\"},{\"@type\":\"WebPage\",\"@id\":\"https:\/\/www.risoscotti.com\/de\/datenschutzerklaerung-datenschutzerklae\/#webpage\",\"url\":\"https:\/\/www.risoscotti.com\/de\/datenschutzerklaerung-datenschutzerklae\/\",\"name\":\"DATENSCHUTZERKL\\u00c4RUNG Datenschutzerkl\\u00e4 - Riso Scotti SPA\",\"isPartOf\":{\"@id\":\"https:\/\/www.risoscotti.com\/#website\"},\"datePublished\":\"2022-06-07T09:25:36+00:00\",\"dateModified\":\"2022-06-07T09:25:38+00:00\",\"breadcrumb\":{\"@id\":\"https:\/\/www.risoscotti.com\/de\/datenschutzerklaerung-datenschutzerklae\/#breadcrumb\"},\"inLanguage\":\"de\",\"potentialAction\":[{\"@type\":\"ReadAction\",\"target\":[\"https:\/\/www.risoscotti.com\/de\/datenschutzerklaerung-datenschutzerklae\/\"]}]},{\"@type\":\"BreadcrumbList\",\"@id\":\"https:\/\/www.risoscotti.com\/de\/datenschutzerklaerung-datenschutzerklae\/#breadcrumb\",\"itemListElement\":[{\"@type\":\"ListItem\",\"position\":1,\"item\":{\"@type\":\"WebPage\",\"@id\":\"https:\/\/www.risoscotti.com\/de\/home\/\",\"url\":\"https:\/\/www.risoscotti.com\/de\/home\/\",\"name\":\"Home\"}},{\"@type\":\"ListItem\",\"position\":2,\"item\":{\"@id\":\"https:\/\/www.risoscotti.com\/de\/datenschutzerklaerung-datenschutzerklae\/#webpage\"}}]}]}<\/script>\n<!-- \/ Yoast SEO plugin. -->","_links":{"self":[{"href":"https:\/\/www.risoscotti.com\/de\/wp-json\/wp\/v2\/pages\/9742"}],"collection":[{"href":"https:\/\/www.risoscotti.com\/de\/wp-json\/wp\/v2\/pages"}],"about":[{"href":"https:\/\/www.risoscotti.com\/de\/wp-json\/wp\/v2\/types\/page"}],"author":[{"embeddable":true,"href":"https:\/\/www.risoscotti.com\/de\/wp-json\/wp\/v2\/users\/1"}],"replies":[{"embeddable":true,"href":"https:\/\/www.risoscotti.com\/de\/wp-json\/wp\/v2\/comments?post=9742"}],"version-history":[{"count":3,"href":"https:\/\/www.risoscotti.com\/de\/wp-json\/wp\/v2\/pages\/9742\/revisions"}],"predecessor-version":[{"id":9745,"href":"https:\/\/www.risoscotti.com\/de\/wp-json\/wp\/v2\/pages\/9742\/revisions\/9745"}],"wp:attachment":[{"href":"https:\/\/www.risoscotti.com\/de\/wp-json\/wp\/v2\/media?parent=9742"}],"curies":[{"name":"wp","href":"https:\/\/api.w.org\/{rel}","templated":true}]}}