{"id":9738,"date":"2022-06-07T11:20:33","date_gmt":"2022-06-07T09:20:33","guid":{"rendered":"https:\/\/www.risoscotti.com\/cookie-policy\/"},"modified":"2022-06-07T11:20:35","modified_gmt":"2022-06-07T09:20:35","slug":"cookie-policy","status":"publish","type":"page","link":"https:\/\/www.risoscotti.com\/de\/cookie-policy\/","title":{"rendered":"Cookie Policy"},"content":{"rendered":"<p><div class=\"fusion-fullwidth fullwidth-box fusion-builder-row-1 nonhundred-percent-fullwidth non-hundred-percent-height-scrolling\" style=\"background-color: rgba(255,255,255,0);background-position: center center;background-repeat: no-repeat;padding-top:0px;padding-right:0px;padding-bottom:0px;padding-left:0px;border-width: 0px 0px 0px 0px;border-color:#eae9e9;border-style:solid;\" ><div class=\"fusion-builder-row fusion-row\"><div class=\"fusion-layout-column fusion_builder_column fusion-builder-column-0 fusion_builder_column_1_1 1_1 fusion-one-full fusion-column-first fusion-column-last\" style=\"margin-top:0px;margin-bottom:0px;\"><div class=\"fusion-column-wrapper fusion-flex-column-wrapper-legacy\" style=\"background-position:left top;background-repeat:no-repeat;-webkit-background-size:cover;-moz-background-size:cover;-o-background-size:cover;background-size:cover;padding: 0px 0px 0px 0px;\"><span class=\" fusion-imageframe imageframe-none imageframe-1 hover-type-none\"><img width=\"1920\" height=\"767\" title=\"Azienda-fascia-1\" src=\"https:\/\/www.risoscotti.com\/wp-content\/uploads\/2019\/05\/Azienda-fascia-1.jpg\" data-orig-src=\"https:\/\/www.risoscotti.com\/wp-content\/uploads\/2019\/05\/Azienda-fascia-1.jpg\" class=\"lazyload img-responsive wp-image-9620\" srcset=\"data:image\/svg+xml,%3Csvg%20xmlns%3D%27http%3A%2F%2Fwww.w3.org%2F2000%2Fsvg%27%20width%3D%271920%27%20height%3D%27767%27%20viewBox%3D%270%200%201920%20767%27%3E%3Crect%20width%3D%271920%27%20height%3D%27767%27%20fill-opacity%3D%220%22%2F%3E%3C%2Fsvg%3E\" data-srcset=\"https:\/\/www.risoscotti.com\/wp-content\/uploads\/2019\/05\/Azienda-fascia-1-200x80.jpg 200w, https:\/\/www.risoscotti.com\/wp-content\/uploads\/2019\/05\/Azienda-fascia-1-400x160.jpg 400w, https:\/\/www.risoscotti.com\/wp-content\/uploads\/2019\/05\/Azienda-fascia-1-600x240.jpg 600w, https:\/\/www.risoscotti.com\/wp-content\/uploads\/2019\/05\/Azienda-fascia-1-800x320.jpg 800w, https:\/\/www.risoscotti.com\/wp-content\/uploads\/2019\/05\/Azienda-fascia-1-1200x479.jpg 1200w, https:\/\/www.risoscotti.com\/wp-content\/uploads\/2019\/05\/Azienda-fascia-1.jpg 1920w\" data-sizes=\"auto\" data-orig-sizes=\"(max-width: 1024px) 100vw, 1920px\" \/><\/span><div class=\"fusion-clearfix\"><\/div><\/div><\/div><\/div><\/div><div class=\"fusion-fullwidth fullwidth-box fusion-builder-row-2 nonhundred-percent-fullwidth non-hundred-percent-height-scrolling\" style=\"background-color: rgba(255,255,255,0);background-position: center center;background-repeat: no-repeat;padding-top:0px;padding-right:0px;padding-bottom:0px;padding-left:0px;border-width: 0px 0px 0px 0px;border-color:#eae9e9;border-style:solid;\" ><div class=\"fusion-builder-row fusion-row\"><div class=\"fusion-layout-column fusion_builder_column fusion-builder-column-1 fusion_builder_column_1_1 1_1 fusion-one-full fusion-column-first fusion-column-last Home-banner-carousel\" style=\"margin-top:0px;margin-bottom:0px;\"><div class=\"fusion-column-wrapper fusion-flex-column-wrapper-legacy\" style=\"background-position:left top;background-repeat:no-repeat;-webkit-background-size:cover;-moz-background-size:cover;-o-background-size:cover;background-size:cover;padding: 0px 0px 0px 0px;\"><div class=\"imageframe-align-center\"><span class=\" fusion-imageframe imageframe-none imageframe-2 hover-type-none Home-banner-carousel\"><img width=\"1920\" height=\"411\" title=\"Banda-banner\" src=\"https:\/\/www.risoscotti.com\/wp-content\/uploads\/2019\/05\/Banda-banner.png\" data-orig-src=\"https:\/\/www.risoscotti.com\/wp-content\/uploads\/2019\/05\/Banda-banner.png\" class=\"lazyload img-responsive wp-image-62\" srcset=\"data:image\/svg+xml,%3Csvg%20xmlns%3D%27http%3A%2F%2Fwww.w3.org%2F2000%2Fsvg%27%20width%3D%271920%27%20height%3D%27411%27%20viewBox%3D%270%200%201920%20411%27%3E%3Crect%20width%3D%271920%27%20height%3D%27411%27%20fill-opacity%3D%220%22%2F%3E%3C%2Fsvg%3E\" data-srcset=\"https:\/\/www.risoscotti.com\/wp-content\/uploads\/2019\/05\/Banda-banner-200x43.png 200w, https:\/\/www.risoscotti.com\/wp-content\/uploads\/2019\/05\/Banda-banner-400x86.png 400w, https:\/\/www.risoscotti.com\/wp-content\/uploads\/2019\/05\/Banda-banner-600x128.png 600w, https:\/\/www.risoscotti.com\/wp-content\/uploads\/2019\/05\/Banda-banner-800x171.png 800w, https:\/\/www.risoscotti.com\/wp-content\/uploads\/2019\/05\/Banda-banner-1200x257.png 1200w, https:\/\/www.risoscotti.com\/wp-content\/uploads\/2019\/05\/Banda-banner.png 1920w\" data-sizes=\"auto\" data-orig-sizes=\"(max-width: 1024px) 100vw, 1920px\" \/><\/span><\/div><div class=\"fusion-clearfix\"><\/div><\/div><\/div><\/div><\/div><div class=\"fusion-fullwidth fullwidth-box fusion-builder-row-3 Secondary-core nonhundred-percent-fullwidth non-hundred-percent-height-scrolling\" style=\"background-color: rgba(255,255,255,0);background-position: center center;background-repeat: no-repeat;padding-top:0px;padding-right:20px;padding-bottom:0px;padding-left:20px;margin-bottom: 150px;margin-top: 150px;border-width: 0px 0px 0px 0px;border-color:#eae9e9;border-style:solid;\" ><div class=\"fusion-builder-row fusion-row\"><div class=\"fusion-layout-column fusion_builder_column fusion-builder-column-2 fusion_builder_column_1_1 1_1 fusion-one-full fusion-column-first fusion-column-last\" style=\"margin-top:0px;margin-bottom:0px;\"><div class=\"fusion-column-wrapper fusion-flex-column-wrapper-legacy\" style=\"background-position:left top;background-repeat:no-repeat;-webkit-background-size:cover;-moz-background-size:cover;-o-background-size:cover;background-size:cover;padding: 0px 0px 0px 0px;\"><style type=\"text\/css\"><\/style><div class=\"fusion-title title fusion-title-1 fusion-sep-none fusion-title-text fusion-title-size-two\" style=\"font-size:72px;margin-top:0px;margin-right:0px;margin-bottom:30px;margin-left:0px;\"><h2 class=\"title-heading-left\" style=\"margin:0;font-size:1em;color:#002957;line-height:1;\">COOKIE POLICY<\/h2><\/div><div class=\"fusion-text fusion-text-1\"><p class=\"p1\">Cookies sind kleine Textdateien mit Informationen, die ein Server (in diesem Fall der dieser Website) an das Endger\u00e4t eines Nutzers (im Allgemeinen an den Internetbrowser) \u00fcbermittelt, wenn der Nutzer eine bestimmte Seite einer Website aufruft. Cookies werden automatisch vom Browser des Nutzers gespeichert und wieder an den Server \u00fcbermittelt, der sie generiert hat, wenn der Nutzer dieselbe Internetseite noch einmal aufruft. Cookies erm\u00f6glichen und\/oder vereinfachen so zum Beispiel den Zugang zu einigen Seiten, um das Navigationserlebnis des Nutzers zu verbessern, oder erm\u00f6glichen die Speicherung besuchter Seiten und sonstiger spezifischer Informationen wie beispielsweise Seiten, die h\u00e4ufiger aufgerufen werden, Verbindungsfehler usw. Zur einfacheren und kompletten Nutzung dieser Website empfehlen wir Ihnen daher, Ihren Browser so einzurichten, dass er diese Cookies akzeptiert. Browser sind h\u00e4ufig so eingestellt, dass sie Cookies automatisch akzeptieren. Sie k\u00f6nnen jedoch die Standardeinstellungen \u00e4ndern und Cookies deaktivieren oder l\u00f6schen (von Zeit zu Zeit oder auf einmal), was jedoch zur Folge hat, dass die optimale Nutzung einiger Bereiche der Website ggf. eingeschr\u00e4nkt werden k\u00f6nnte. Sie k\u00f6nnen auch die Verfahren und Arten von Cookies, die in Ihrem Browser gespeichert werden, pr\u00fcfen und die entsprechenden Browsereinstellungen \u00e4ndern.<\/p>\n<\/div><style type=\"text\/css\"><\/style><div class=\"fusion-title title fusion-title-2 fusion-sep-none fusion-title-text fusion-title-size-three\" style=\"font-size:24px;margin-top:40px;margin-right:0px;margin-bottom:10px;margin-left:0px;\"><h3 class=\"title-heading-left\" style=\"margin:0;font-size:1em;color:#000000;line-height:1;\"><p class=\"p1\"><strong>ARTEN VON COOKIES, DIE UNSERE WEBSITE NUTZT, UND DEREN MANAGEMENT<\/strong><\/p><\/h3><\/div><div class=\"fusion-text fusion-text-2\"><ol>\n<li>\n<p class=\"p1\">Technische Cookies.<\/p>\n<\/li>\n<li>\n<p class=\"p1\">Notwendige Cookies: Diese sind f\u00fcr die Navigation auf einer Website und f\u00fcr die Nutzung deren Funktionen wie z. B. die korrekte Anzeige oder den Zugriff auf passwortgesch\u00fctzte Bereiche erforderlich. Werden diese Cookies deaktiviert, k\u00f6nnen die entsprechenden T\u00e4tigkeiten nicht durchgef\u00fchrt werden.<\/p>\n<\/li>\n<li>\n<p class=\"p1\">Performance-Cookies: Diese Cookies erheben anonyme Informationen \u00fcber die Wirksamkeit der Reaktionen einer Website auf die Anfragen eines Nutzers und haben lediglich den Zweck, die Funktionen der Website zu verbessern, z. B. welche Seiten ein Nutzer am h\u00e4ufigsten besucht, wo Fehler aufgetreten sind oder wann die Bereitstellung der Internetseiten verlangsamt ist.<\/p>\n<p class=\"p1\">\n<\/li>\n<li>\n<p class=\"p1\">Funktionale Cookies: Diese Cookies erlauben der Website, sich die Auswahl eines Nutzers zu merken und sie diesem bei folgenden Zugriffen wieder vorzuschlagen, um bessere und individuellere Dienste zu bieten. Beispielsweise k\u00f6nnen sie genutzt werden, um Inhalte vorzuschlagen, die denen \u00e4hneln, die der Nutzer schon einmal angefordert hat.<\/p>\n<p class=\"p1\">\n<\/li>\n<li>\n<p class=\"p1\">Targeting-Cookies: Dabei handelt es sich um Profiling-Cookies, die genutzt werden, um den Nutzern Werbeanzeigen zu bieten, die potenziell mit ihren Interessen verbunden sind, die w\u00e4hrend der Navigation festgestellt wurden. Die Nutzer k\u00f6nnen entscheiden, ob sie diese Cookies akzeptieren oder ablehnen, indem sie sie zulassen, bevor sie bereitgestellt werden, bzw. weiternavigieren, nachdem der Hinweis \u00fcber die Nutzung von Cookies angezeigt und geschlossen wurde.<\/p>\n<\/li>\n<\/ol>\n<\/div><style type=\"text\/css\"><\/style><div class=\"fusion-title title fusion-title-3 fusion-sep-none fusion-title-text fusion-title-size-three\" style=\"font-size:24px;margin-top:40px;margin-right:0px;margin-bottom:10px;margin-left:0px;\"><h3 class=\"title-heading-left\" style=\"margin:0;font-size:1em;color:#000000;line-height:1;\"><strong>GOOGLE ANALYTICS<\/strong><\/h3><\/div><div class=\"fusion-text fusion-text-3\"><p class=\"p1\">Diese Website nutzt Google Analytics. Dabei handelt es sich um einen von Google, Inc. (\u201eGoogle\u201c) bereitgestellten Webanalyseservice. Google Analytics nimmt Cookies in Anspruch, d.\u00a0h. Textdateien, die auf dem Endger\u00e4t des Nutzers abgelegt sind, um zu analysieren, wie dieser die Website nutzt. Die von den Cookies \u00fcber die Nutzung der Website durch den Nutzer generierten Informationen werden an einen Google-Server zur Speicherung \u00fcbermittelt. Google nutzt diese Informationen, um die Nutzung der Website durch die Nutzer zu analysieren, um Berichte \u00fcber die Aktivit\u00e4ten auf der Website zu erstellen und um dem Website-Manager weitere Dienste in Verbindung mit der Nutzung der Website\/App und Internet zur Verf\u00fcgung zu stellen. Google verkn\u00fcpft die im Rahmen von Google Analytics vom Browser des Nutzers \u00fcbermittelte IP-Adresse nicht mit anderen Daten im Besitz von Google. Die Nutzer k\u00f6nnen die Speicherung von Cookies vermeiden, indem sie die Softwareeinstellungen ihres Browsers \u00e4ndern. Dies k\u00f6nnte jedoch dazu f\u00fchren, dass die Funktionen der Website den Vorlieben des Nutzers weniger angepasst sind. Mit der Nutzung der Website willigen die Nutzer in die Verarbeitung ihrer personenbezogenen Daten durch Google gem\u00e4\u00df den in der Google-Datenschutzerkl\u00e4rung betreffend die Nutzung von Google Analytics, die unter <a href=\"https:\/\/policies.google.com\/technologies\/partner-sites?hl=de\">https:\/\/policies.google.com\/technologies\/partner-sites?hl=de<\/a> zur Verf\u00fcgung steht, angegebenen Verfahren und Zwecken ein.<\/p>\n<\/div><style type=\"text\/css\"><\/style><div class=\"fusion-title title fusion-title-4 fusion-sep-none fusion-title-text fusion-title-size-three\" style=\"font-size:24px;margin-top:40px;margin-right:0px;margin-bottom:10px;margin-left:0px;\"><h3 class=\"title-heading-left\" style=\"margin:0;font-size:1em;color:#000000;line-height:1;\"><p class=\"p1\"><strong>KATEGORIEN VON EMPF\u00c4NGERN DER VERARBEITETEN PERSONENBEZOGENEN DATEN<\/strong><\/p><\/h3><\/div><div class=\"fusion-text fusion-text-4\"><p>Um die oben genannten Zwecke zu erf\u00fcllen, werden Ihre personenbezogenen Daten auch von Dritten verarbeitet, die nicht der Verantwortliche sind. Diese Dritten verarbeiten Ihre personenbezogenen Daten auf Rechnung des Verantwortlichen (und somit als Auftragsverarbeiter) und als eigenst\u00e4ndige Verantwortliche, was einer ausdr\u00fccklichen Mitteilung seitens des Verantwortlichen unterliegt. Im spezifischen Fall werden Ihre personenbezogenen Daten von folgenden Empf\u00e4ngerkategorien verarbeitet:<\/p>\n<ol>\n<li class=\"p1\">Dienstleistungsanbietern, die f\u00fcr den ordnungsgem\u00e4\u00dfen Betrieb der Website und deren Funktionen\/Dienste erforderlich sind (z. B. u. a. Anbieter von IKT-Dienste, Hosting-Services, IT-Plattformen und Anwendungen);<\/li>\n<li class=\"p1\">Dienstleistungsanbietern, die f\u00fcr die Ausf\u00fchrung von Transaktionen auf der Website und die damit verbundene und entsprechende Erf\u00fcllung ben\u00f6tigt werden (z. B. u. a. Anbieter von Zahlungsdiensten und Banken, Spediteure\/Transportunternehmen f\u00fcr die Lieferung von verkauften Produkten);<\/li>\n<li class=\"p1\">Justiz-, Verwaltungs- und\/oder Polizeibeh\u00f6rden gem\u00e4\u00df den gesetzlichen Bestimmungen bei der Ermittlung und Verfolgung von Straftaten, bei der Pr\u00e4vention und dem Schutz vor Risiken oder Bedrohungen der Sicherheit und \u00f6ffentlichen Ordnung sowie bei allen Gr\u00fcnden, die mit dem Schutz der Rechte und Freiheiten von Personen in Verbindung stehen;<\/li>\n<li class=\"p1\">Anbietern von Kommunikations- und Marketingdiensten (z. B. u. a. Kommunikationsagenturen);<\/li>\n<li class=\"p1\">Personen, die Marktforschungen und statistische Umfragen durchf\u00fchren.<\/li>\n<\/ol>\n<p>Die Weitergabe und \u00dcbermittlung der Daten in Drittl\u00e4nder ist in jedem Fall ausgeschlossen.<\/p>\n<\/div><style type=\"text\/css\"><\/style><div class=\"fusion-title title fusion-title-5 fusion-sep-none fusion-title-text fusion-title-size-three\" style=\"font-size:24px;margin-top:40px;margin-right:0px;margin-bottom:10px;margin-left:0px;\"><h3 class=\"title-heading-left\" style=\"margin:0;font-size:1em;color:#000000;line-height:1;\"><p class=\"p1\"><strong>DATENSPEICHERUNG<\/strong><\/p><\/h3><\/div><div class=\"fusion-text fusion-text-5\"><p class=\"p1\">Die personenbezogenen Daten werden f\u00fcr den Zeitraum gespeichert, der unbedingt erforderlich ist, um die oben genannten Zwecke nach dem Grundsatz der Minimierung und Einschr\u00e4nkung der Speicherung laut Art. 5.1.e DSGVO zu erf\u00fcllen. Weitere Informationen \u00fcber den Zeitraum der Datenspeicherung und die Kriterien, die herangezogen werden, um diesen Zeitraum zu ermitteln, k\u00f6nnen Sie beim Verantwortlichen per E-Mail unter der Adresse <a href=\"mailto:privacy@risoscotti.it\">privacy@risoscotti.it<\/a> anfordern. Nach Ablauf des oben genannten Speicherzeitraums werden Ihre personenbezogene Daten vom Verantwortlichen gel\u00f6scht oder unverst\u00e4ndlich gemacht.<\/p>\n<\/div><style type=\"text\/css\"><\/style><div class=\"fusion-title title fusion-title-6 fusion-sep-none fusion-title-text fusion-title-size-three\" style=\"font-size:24px;margin-top:40px;margin-right:0px;margin-bottom:10px;margin-left:0px;\"><h3 class=\"title-heading-left\" style=\"margin:0;font-size:1em;color:#000000;line-height:1;\"><p class=\"p1\"><strong>RECHTE DER BETROFFENEN PERSONEN IN BEZUG AUF DIE VERARBEITUNG PERSONENBEZOGENER DATEN<\/strong><\/p><\/h3><\/div><div class=\"fusion-text fusion-text-6\"><p class=\"p1\">Sie haben das Recht, gem\u00e4\u00df Art. 15 DSGVO vom Verantwortlichen Auskunft \u00fcber Ihre personenbezogenen Daten zu verlangen. Durch die Geltendmachung dieses Rechts k\u00f6nnen Sie Auskunft verlangen \u00fcber<\/p>\n<ol>\n<li class=\"p1\">die Herkunft der personenbezogenen Daten;<\/li>\n<li class=\"p1\">\u00a0die Verarbeitungszwecke und -verfahren;<\/li>\n<li class=\"p1\">das angewandte System, sofern die Datenverarbeitung mithilfe elektronischer\/IT-Ger\u00e4te erfolgt;<\/li>\n<li class=\"p1\">die Kenndaten des Verantwortlichen, der Auftragsverarbeiter und des Datenschutzbeauftragen;<\/li>\n<li class=\"p1\">die Personen und Kategorien von Personen, denen die Daten mitgeteilt werden k\u00f6nnen oder die von diesen als Datenschutzbeauftragte im Gebiet des Lands, Auftragsverarbeiter oder f\u00fcr die Datenverarbeitung zust\u00e4ndige Personen Kenntnis erlangen k\u00f6nnen.<\/li>\n<\/ol>\n<p>Abgesehen davon haben Sie das Recht,<\/p>\n<ol>\n<li class=\"p1\">Ihre erteilte Einwilligung gem\u00e4\u00df Art. 7(3) DSGVO zu widerrufen, ohne dass durch den Widerruf die Rechtm\u00e4\u00dfigkeit der aufgrund der Einwilligung bis zum Widerruf erfolgten Verarbeitung ber\u00fchrt wird;<\/li>\n<li class=\"p1\">vom Verantwortlichen gem\u00e4\u00df Art. 16 DSGVO die Berichtigung Sie betreffender unrichtiger personenbezogener Daten sowie die Vervollst\u00e4ndigung unvollst\u00e4ndiger personenbezogener Daten zu verlangen;<\/li>\n<li class=\"p1\">vom Verantwortlichen gem\u00e4\u00df Art. 17 DSGVO die L\u00f6schung Ihrer personenbezogenen Daten zu verlangen. Die Geltendmachung dieses Rechts kann vom Verantwortlichen nicht gew\u00e4hrleistet werden (oder der Verantwortliche kann der Aufforderung nur teilweise nachkommen), wenn die Verarbeitung der personenbezogenen Daten, die gel\u00f6scht werden sollen, zur Erf\u00fcllung einer rechtlichen Verpflichtung oder zur Geltendmachung, Aus\u00fcbung oder Verteidigung von Rechtsanspr\u00fcchen erforderlich ist;<\/li>\n<li class=\"p1\">vom Verantwortlichen gem\u00e4\u00df Art. 18 DSGVO die Einschr\u00e4nkung der Datenverarbeitung zu verlangen;<\/li>\n<li class=\"p1\">vom Verantwortlichen die \u00dcbertragbarkeit der mit Ihrer Einwilligung oder auf einem Vertrag basierend gem\u00e4\u00df Art. 6 Abs. 1 Buchst. a) und b) DSGVO verarbeiteten Daten zu erwirken. Wird dieses Recht geltend gemacht, stellt Ihnen der Verantwortliche alle Daten, die mit Ihrer Einwilligung oder zur Erf\u00fcllung einer vertraglichen Verpflichtung erhoben wurden, in einem strukturierten, g\u00e4ngigen und maschinenlesbaren Format zur Verf\u00fcgung. Ist das technisch nicht m\u00f6glich, k\u00f6nnen die betreffenden personenbezogenen Daten mit denselben Verfahren auch an Dritte \u00fcbertragen werden, die von Ihnen ausgew\u00e4hlt wurden und in einer ausdr\u00fccklichen Anfrage angegeben sind;<\/li>\n<\/ol>\n<p class=\"p1\">das Recht, gem\u00e4\u00df Art. 21 DSGVO gegen die Verarbeitung Sie betreffender personenbezogener Daten Widerspruch einzulegen, es sei denn, der Verantwortliche kann zwingende schutzw\u00fcrdige Gr\u00fcnde f\u00fcr die Verarbeitung nachweisen, die Ihre Interessen, Rechte und Freiheiten \u00fcberwiegen, oder die Verarbeitung dient der Geltendmachung, Aus\u00fcbung oder Verteidigung von Rechtsanspr\u00fcchen.<\/p>\n<\/div><div class=\"fusion-clearfix\"><\/div><\/div><\/div><\/div><\/div><\/p>\n","protected":false},"excerpt":{"rendered":"","protected":false},"author":1,"featured_media":0,"parent":0,"menu_order":0,"comment_status":"closed","ping_status":"open","template":"","meta":[],"yoast_head":"<!-- This site is optimized with the Yoast SEO plugin v16.2 - https:\/\/yoast.com\/wordpress\/plugins\/seo\/ -->\n<title>Cookie Policy - Riso Scotti SPA<\/title>\n<meta name=\"robots\" content=\"index, follow, max-snippet:-1, max-image-preview:large, max-video-preview:-1\" \/>\n<link rel=\"canonical\" href=\"https:\/\/www.risoscotti.com\/de\/cookie-policy\/\" \/>\n<meta property=\"og:locale\" content=\"de_DE\" \/>\n<meta property=\"og:type\" content=\"article\" \/>\n<meta property=\"og:title\" content=\"Cookie Policy - Riso Scotti SPA\" \/>\n<meta property=\"og:url\" content=\"https:\/\/www.risoscotti.com\/de\/cookie-policy\/\" \/>\n<meta property=\"og:site_name\" content=\"Riso Scotti SPA\" \/>\n<meta property=\"article:modified_time\" content=\"2022-06-07T09:20:35+00:00\" \/>\n<meta name=\"twitter:card\" content=\"summary_large_image\" \/>\n<meta name=\"twitter:label1\" content=\"Gesch\u00e4tzte Lesezeit\">\n\t<meta name=\"twitter:data1\" content=\"13\u00a0Minuten\">\n<script type=\"application\/ld+json\" class=\"yoast-schema-graph\">{\"@context\":\"https:\/\/schema.org\",\"@graph\":[{\"@type\":\"WebSite\",\"@id\":\"https:\/\/www.risoscotti.com\/#website\",\"url\":\"https:\/\/www.risoscotti.com\/\",\"name\":\"Riso Scotti SPA\",\"description\":\"Da oltre 150 anni diamo pi\\u00f9 valore al Riso.\",\"potentialAction\":[{\"@type\":\"SearchAction\",\"target\":\"https:\/\/www.risoscotti.com\/?s={search_term_string}\",\"query-input\":\"required name=search_term_string\"}],\"inLanguage\":\"de\"},{\"@type\":\"WebPage\",\"@id\":\"https:\/\/www.risoscotti.com\/de\/cookie-policy\/#webpage\",\"url\":\"https:\/\/www.risoscotti.com\/de\/cookie-policy\/\",\"name\":\"Cookie Policy - Riso Scotti SPA\",\"isPartOf\":{\"@id\":\"https:\/\/www.risoscotti.com\/#website\"},\"datePublished\":\"2022-06-07T09:20:33+00:00\",\"dateModified\":\"2022-06-07T09:20:35+00:00\",\"breadcrumb\":{\"@id\":\"https:\/\/www.risoscotti.com\/de\/cookie-policy\/#breadcrumb\"},\"inLanguage\":\"de\",\"potentialAction\":[{\"@type\":\"ReadAction\",\"target\":[\"https:\/\/www.risoscotti.com\/de\/cookie-policy\/\"]}]},{\"@type\":\"BreadcrumbList\",\"@id\":\"https:\/\/www.risoscotti.com\/de\/cookie-policy\/#breadcrumb\",\"itemListElement\":[{\"@type\":\"ListItem\",\"position\":1,\"item\":{\"@type\":\"WebPage\",\"@id\":\"https:\/\/www.risoscotti.com\/de\/home\/\",\"url\":\"https:\/\/www.risoscotti.com\/de\/home\/\",\"name\":\"Home\"}},{\"@type\":\"ListItem\",\"position\":2,\"item\":{\"@id\":\"https:\/\/www.risoscotti.com\/de\/cookie-policy\/#webpage\"}}]}]}<\/script>\n<!-- \/ Yoast SEO plugin. -->","_links":{"self":[{"href":"https:\/\/www.risoscotti.com\/de\/wp-json\/wp\/v2\/pages\/9738"}],"collection":[{"href":"https:\/\/www.risoscotti.com\/de\/wp-json\/wp\/v2\/pages"}],"about":[{"href":"https:\/\/www.risoscotti.com\/de\/wp-json\/wp\/v2\/types\/page"}],"author":[{"embeddable":true,"href":"https:\/\/www.risoscotti.com\/de\/wp-json\/wp\/v2\/users\/1"}],"replies":[{"embeddable":true,"href":"https:\/\/www.risoscotti.com\/de\/wp-json\/wp\/v2\/comments?post=9738"}],"version-history":[{"count":3,"href":"https:\/\/www.risoscotti.com\/de\/wp-json\/wp\/v2\/pages\/9738\/revisions"}],"predecessor-version":[{"id":9741,"href":"https:\/\/www.risoscotti.com\/de\/wp-json\/wp\/v2\/pages\/9738\/revisions\/9741"}],"wp:attachment":[{"href":"https:\/\/www.risoscotti.com\/de\/wp-json\/wp\/v2\/media?parent=9738"}],"curies":[{"name":"wp","href":"https:\/\/api.w.org\/{rel}","templated":true}]}}