{"id":9656,"date":"2022-06-07T09:59:11","date_gmt":"2022-06-07T07:59:11","guid":{"rendered":"https:\/\/www.risoscotti.com\/green-identity\/"},"modified":"2022-06-07T09:59:14","modified_gmt":"2022-06-07T07:59:14","slug":"green-identity","status":"publish","type":"page","link":"https:\/\/www.risoscotti.com\/de\/green-identity\/","title":{"rendered":"Green identity"},"content":{"rendered":"<p><div class=\"fusion-fullwidth fullwidth-box fusion-builder-row-1 nonhundred-percent-fullwidth non-hundred-percent-height-scrolling\" style=\"background-color: rgba(255,255,255,0);background-position: center center;background-repeat: no-repeat;padding-top:0px;padding-right:0px;padding-bottom:0px;padding-left:0px;border-width: 0px 0px 0px 0px;border-color:#eae9e9;border-style:solid;\" ><div class=\"fusion-builder-row fusion-row\"><div class=\"fusion-layout-column fusion_builder_column fusion-builder-column-0 fusion_builder_column_1_1 1_1 fusion-one-full fusion-column-first fusion-column-last\" style=\"margin-top:0px;margin-bottom:0px;\" id=\"Banner-scrl-scale\"><div class=\"fusion-column-wrapper fusion-flex-column-wrapper-legacy\" style=\"background-position:left top;background-repeat:no-repeat;-webkit-background-size:cover;-moz-background-size:cover;-o-background-size:cover;background-size:cover;padding: 0px 0px 0px 0px;\"><span class=\" fusion-imageframe imageframe-none imageframe-1 hover-type-none\"><img width=\"1920\" height=\"767\" title=\"Copertina-green-identity\" src=\"https:\/\/www.risoscotti.com\/wp-content\/uploads\/2020\/08\/Copertina-green-identity.jpg\" data-orig-src=\"https:\/\/www.risoscotti.com\/wp-content\/uploads\/2020\/08\/Copertina-green-identity.jpg\" class=\"lazyload img-responsive wp-image-9658\" srcset=\"data:image\/svg+xml,%3Csvg%20xmlns%3D%27http%3A%2F%2Fwww.w3.org%2F2000%2Fsvg%27%20width%3D%271920%27%20height%3D%27767%27%20viewBox%3D%270%200%201920%20767%27%3E%3Crect%20width%3D%271920%27%20height%3D%27767%27%20fill-opacity%3D%220%22%2F%3E%3C%2Fsvg%3E\" data-srcset=\"https:\/\/www.risoscotti.com\/wp-content\/uploads\/2020\/08\/Copertina-green-identity-200x80.jpg 200w, https:\/\/www.risoscotti.com\/wp-content\/uploads\/2020\/08\/Copertina-green-identity-400x160.jpg 400w, https:\/\/www.risoscotti.com\/wp-content\/uploads\/2020\/08\/Copertina-green-identity-600x240.jpg 600w, https:\/\/www.risoscotti.com\/wp-content\/uploads\/2020\/08\/Copertina-green-identity-800x320.jpg 800w, https:\/\/www.risoscotti.com\/wp-content\/uploads\/2020\/08\/Copertina-green-identity-1200x479.jpg 1200w, https:\/\/www.risoscotti.com\/wp-content\/uploads\/2020\/08\/Copertina-green-identity.jpg 1920w\" data-sizes=\"auto\" data-orig-sizes=\"(max-width: 1024px) 100vw, 1920px\" \/><\/span><div class=\"fusion-clearfix\"><\/div><\/div><\/div><\/div><\/div><div class=\"fusion-fullwidth fullwidth-box fusion-builder-row-2 nonhundred-percent-fullwidth non-hundred-percent-height-scrolling\" style=\"background-color: rgba(255,255,255,0);background-position: center center;background-repeat: no-repeat;padding-top:0px;padding-right:0px;padding-bottom:0px;padding-left:0px;border-width: 0px 0px 0px 0px;border-color:#eae9e9;border-style:solid;\" ><div class=\"fusion-builder-row fusion-row\"><div class=\"fusion-layout-column fusion_builder_column fusion-builder-column-1 fusion_builder_column_1_1 1_1 fusion-one-full fusion-column-first fusion-column-last Home-banner-carousel\" style=\"margin-top:0px;margin-bottom:0px;\"><div class=\"fusion-column-wrapper fusion-flex-column-wrapper-legacy\" style=\"background-position:left top;background-repeat:no-repeat;-webkit-background-size:cover;-moz-background-size:cover;-o-background-size:cover;background-size:cover;padding: 0px 0px 0px 0px;\"><div class=\"imageframe-align-center\"><span class=\" fusion-imageframe imageframe-none imageframe-2 hover-type-none Home-banner-carousel\"><img width=\"1920\" height=\"411\" title=\"Banda-banner\" src=\"https:\/\/www.risoscotti.com\/wp-content\/uploads\/2019\/05\/Banda-banner.png\" data-orig-src=\"https:\/\/www.risoscotti.com\/wp-content\/uploads\/2019\/05\/Banda-banner.png\" class=\"lazyload img-responsive wp-image-62\" srcset=\"data:image\/svg+xml,%3Csvg%20xmlns%3D%27http%3A%2F%2Fwww.w3.org%2F2000%2Fsvg%27%20width%3D%271920%27%20height%3D%27411%27%20viewBox%3D%270%200%201920%20411%27%3E%3Crect%20width%3D%271920%27%20height%3D%27411%27%20fill-opacity%3D%220%22%2F%3E%3C%2Fsvg%3E\" data-srcset=\"https:\/\/www.risoscotti.com\/wp-content\/uploads\/2019\/05\/Banda-banner-200x43.png 200w, https:\/\/www.risoscotti.com\/wp-content\/uploads\/2019\/05\/Banda-banner-400x86.png 400w, https:\/\/www.risoscotti.com\/wp-content\/uploads\/2019\/05\/Banda-banner-600x128.png 600w, https:\/\/www.risoscotti.com\/wp-content\/uploads\/2019\/05\/Banda-banner-800x171.png 800w, https:\/\/www.risoscotti.com\/wp-content\/uploads\/2019\/05\/Banda-banner-1200x257.png 1200w, https:\/\/www.risoscotti.com\/wp-content\/uploads\/2019\/05\/Banda-banner.png 1920w\" data-sizes=\"auto\" data-orig-sizes=\"(max-width: 1024px) 100vw, 1920px\" \/><\/span><\/div><div class=\"fusion-clearfix\"><\/div><\/div><\/div><\/div><\/div><div class=\"fusion-fullwidth fullwidth-box fusion-builder-row-3 nonhundred-percent-fullwidth non-hundred-percent-height-scrolling fusion-equal-height-columns\" style=\"background-color: rgba(255,255,255,0);background-position: center center;background-repeat: no-repeat;padding-top:0px;padding-right:0px;padding-bottom:0px;padding-left:0px;border-width: 0px 0px 0px 0px;border-color:#eae9e9;border-style:solid;\" ><div class=\"fusion-builder-row fusion-row\"><div class=\"fusion-layout-column fusion_builder_column fusion-builder-column-2 fusion_builder_column_1_1 1_1 fusion-one-full fusion-column-first fusion-column-last Secondary-core green-identity-title\" style=\"margin-top:0px;margin-bottom:0px;\"><div class=\"fusion-column-wrapper fusion-flex-column-wrapper-legacy\" style=\"background-position:left top;background-repeat:no-repeat;-webkit-background-size:cover;-moz-background-size:cover;-o-background-size:cover;background-size:cover;padding: 100px 0px 40px 0px;\"><style type=\"text\/css\">@media only screen and (max-width:1024px) {.fusion-title.fusion-title-1{margin-top:!important;margin-bottom:20px!important;}}<\/style><div class=\"fusion-title title fusion-title-1 fusion-sep-none fusion-title-center fusion-title-text fusion-title-size-two\" style=\"font-size:72px;margin-top:20px;margin-right:0px;margin-bottom:20px;margin-left:0px;\"><h2 class=\"title-heading-center\" style=\"margin:0;font-size:1em;color:#002957;line-height:1;\"><p class=\"p1\">EIN BEITRAG ZUR<\/p><\/h2><\/div><style type=\"text\/css\">@media only screen and (max-width:1024px) {.fusion-title.fusion-title-2{margin-top:!important;margin-bottom:60px!important;}}<\/style><div class=\"fusion-title title fusion-title-2 fusion-sep-none fusion-title-center fusion-title-text fusion-title-size-two\" style=\"font-size:72px;margin-top:20px;margin-right:0px;margin-bottom:60px;margin-left:0px;\"><h2 class=\"title-heading-center\" style=\"margin:0;font-size:1em;color:#002957;line-height:1;\"><p class=\"p1\"><strong>UMWELTNACHHALTIGKEIT<\/strong><\/p><\/h2><\/div><div class=\"fusion-clearfix\"><\/div><\/div><\/div><\/div><\/div><div class=\"fusion-fullwidth fullwidth-box fusion-builder-row-4 nonhundred-percent-fullwidth non-hundred-percent-height-scrolling fusion-equal-height-columns\" style=\"background-color: rgba(255,255,255,0);background-position: center center;background-repeat: no-repeat;padding-top:0px;padding-right:0px;padding-bottom:0px;padding-left:0px;border-width: 0px 0px 0px 0px;border-color:#eae9e9;border-style:solid;\" ><div class=\"fusion-builder-row fusion-row\"><div class=\"fusion-layout-column fusion_builder_column fusion-builder-column-3 fusion_builder_column_1_1 1_1 fusion-one-full fusion-column-first fusion-column-last\" style=\"margin-top:0px;margin-bottom:0px;\" id=\"Progetti-industria\"><div class=\"fusion-column-wrapper fusion-flex-column-wrapper-legacy\" style=\"background-position:left top;background-repeat:no-repeat;-webkit-background-size:cover;-moz-background-size:cover;-o-background-size:cover;background-size:cover;padding: 0px 0px 0px 0px;\"><div class=\"fusion-builder-row fusion-builder-row-inner fusion-row\"><div class=\"fusion-layout-column fusion_builder_column_inner fusion-builder-nested-column-0 fusion_builder_column_inner_1_2 1_2 fusion-one-half fusion-column-first Progetti-col-text\" style=\"width:50%;width:calc(50% - ( ( 0 ) * 0.5 ) );margin-right: 0px;margin-top:0px;margin-bottom:0px;\"><div class=\"fusion-column-wrapper fusion-flex-column-wrapper-legacy\" style=\"background-position:left top;background-repeat:no-repeat;-webkit-background-size:cover;-moz-background-size:cover;-o-background-size:cover;background-size:cover;padding: 60px 30px 100px 30px;\"><style type=\"text\/css\"><\/style><div class=\"fusion-title title fusion-title-3 fusion-sep-none fusion-title-text fusion-title-size-two green-identity-sec-tit\" style=\"font-size:48px;margin-top:30px;margin-right:0px;margin-bottom:10px;margin-left:0px;\"><h2 class=\"title-heading-left\" style=\"margin:0;font-size:1em;color:#002957;line-height:1;\"><p class=\"p1\"><b>#EINBEITRAGZUR<\/b>NACHHALTIGKEIT<\/p><\/h2><\/div><div class=\"fusion-text fusion-text-1 Progetti-text\"><p class=\"p1\">Wir stehen f\u00fcr Tradition. Und begr\u00fc\u00dfen die Innovation. Wir bringen eine der weltweit \u00e4ltesten Nahrungsmittelkulturen voran: die Reiskultur. Und sind bestrebt, sie in eine Zukunft, in der ein optimiertes Geschmackserlebnis sowie soziale und kulturelle Verbesserungen hohe Priorit\u00e4t haben, zu tragen. Wir m\u00f6chten unsere 160-j\u00e4hrige Geschichte feiern, indem wir jetzt handeln, um einen Beitrag f\u00fcr die Zukunft zu leisten: nachhaltige Abl\u00e4ufe f\u00fcr eine erneuerte italienische Reiskultur. Einerseits unterst\u00fctzen wir unsere Landwirte und unsere italienische Lieferkette mit dem Projekt \u201eSiamo riso, prima di tutto\u201c (\u201eWir alle sind Reisk\u00f6rner\u201c), um eine umwelteffiziente Landwirtschaft zu f\u00f6rdern. Andererseits setzen wir alles daran, um technologische Innovation in unser Werk einzubringen und so unseren industriellen Impact auf die Umwelt zu mindern. Jedes Produkt wird im Einklang mit unserer Vision #EinBeitragzurNachhaltigkeit entwickelt und hergestellt.<\/p>\n<\/div><div class=\"fusion-clearfix\"><\/div><\/div><\/div><div class=\"fusion-layout-column fusion_builder_column_inner fusion-builder-nested-column-1 fusion_builder_column_inner_1_2 1_2 fusion-one-half fusion-column-last\" style=\"width:50%;width:calc(50% - ( ( 0 ) * 0.5 ) );margin-top:0px;margin-bottom:0px;\"><div class=\"fusion-column-wrapper lazyload fusion-flex-column-wrapper-legacy\" style=\"background-position:left top;background-repeat:no-repeat;-webkit-background-size:cover;-moz-background-size:cover;-o-background-size:cover;background-size:cover;padding: 0px 0px 0px 0px;\" data-bg-url=\"https:\/\/www.risoscotti.com\/wp-content\/uploads\/2020\/08\/green-identity-1.jpg\" data-bg-height=\"785\" data-bg-width=\"960\" data-bg=\"https:\/\/www.risoscotti.com\/wp-content\/uploads\/2020\/08\/green-identity-1.jpg\"><div class=\"fusion-clearfix\"><\/div><\/div><\/div><\/div><div class=\"fusion-clearfix\"><\/div><\/div><\/div><\/div><\/div><div class=\"fusion-fullwidth fullwidth-box fusion-builder-row-5 nonhundred-percent-fullwidth non-hundred-percent-height-scrolling fusion-equal-height-columns\" style=\"background-color: rgba(255,255,255,0);background-position: center center;background-repeat: no-repeat;padding-top:0px;padding-right:0px;padding-bottom:0px;padding-left:0px;border-width: 0px 0px 0px 0px;border-color:#eae9e9;border-style:solid;\" ><div class=\"fusion-builder-row fusion-row\"><div class=\"fusion-layout-column fusion_builder_column fusion-builder-column-4 fusion_builder_column_1_1 1_1 fusion-one-full fusion-column-first fusion-column-last\" style=\"margin-top:0px;margin-bottom:0px;\" id=\"Progetti-column-reverse\"><div class=\"fusion-column-wrapper fusion-flex-column-wrapper-legacy\" style=\"background-position:left top;background-repeat:no-repeat;-webkit-background-size:cover;-moz-background-size:cover;-o-background-size:cover;background-size:cover;padding: 0px 0px 0px 0px;\"><div class=\"fusion-builder-row fusion-builder-row-inner fusion-row\"><div class=\"fusion-layout-column fusion_builder_column_inner fusion-builder-nested-column-2 fusion_builder_column_inner_1_2 1_2 fusion-one-half fusion-column-first\" style=\"width:50%;width:calc(50% - ( ( 0 ) * 0.5 ) );margin-right: 0px;margin-top:0px;margin-bottom:0px;\"><div class=\"fusion-column-wrapper lazyload fusion-flex-column-wrapper-legacy\" style=\"background-position:right top;background-repeat:no-repeat;-webkit-background-size:cover;-moz-background-size:cover;-o-background-size:cover;background-size:cover;padding: 0px 0px 0px 0px;\" data-bg-url=\"https:\/\/www.risoscotti.com\/wp-content\/uploads\/2020\/08\/green-identity-2.jpg\" data-bg-height=\"785\" data-bg-width=\"960\" data-bg=\"https:\/\/www.risoscotti.com\/wp-content\/uploads\/2020\/08\/green-identity-2.jpg\"><div class=\"fusion-clearfix\"><\/div><\/div><\/div><div class=\"fusion-layout-column fusion_builder_column_inner fusion-builder-nested-column-3 fusion_builder_column_inner_1_2 1_2 fusion-one-half fusion-column-last Progetti-col-text\" style=\"width:50%;width:calc(50% - ( ( 0 ) * 0.5 ) );margin-top:0px;margin-bottom:0px;\"><div class=\"fusion-column-wrapper fusion-flex-column-wrapper-legacy\" style=\"background-position:left top;background-repeat:no-repeat;-webkit-background-size:cover;-moz-background-size:cover;-o-background-size:cover;background-size:cover;padding: 100px 30px 100px 30px;\"><style type=\"text\/css\"><\/style><div class=\"fusion-title title fusion-title-4 fusion-sep-none fusion-title-text fusion-title-size-two green-identity-sec-tit\" style=\"font-size:48px;margin-top:30px;margin-right:0px;margin-bottom:10px;margin-left:0px;\"><h2 class=\"title-heading-left\" style=\"margin:0;font-size:1em;color:#002957;line-height:1;\"><p class=\"p1\"><b>WIR ALLE <\/b>SIND REISK\u00d6RNER<\/p><\/h2><\/div><div class=\"fusion-text fusion-text-2 Progetti-text\"><p class=\"p1\">Siamo riso, prima di tutto (Wir alle sind Reisk\u00f6rner)<\/p>\n<p class=\"p1\">Seinen Ausgangspunkt nahm das Projekt bei den allerersten Akteuren in unserer Welt des Reises, bei denen, die all das m\u00f6glich machen: unseren Landwirten \u2013 Frauen und M\u00e4nnern, die wie wir bestrebt sind, eine innovative und nachhaltige Landwirtschaft zu f\u00f6rdern, die auf Wissen und Erfolgsrezepten, auf Umweltschutz und sozialen Verbesserungen basiert.<\/p>\n<p class=\"p1\"><em>\u201eWir sch\u00fctzen die italienische Reislieferkette und werten sie auf, um ein optimales Produkt unter Wahrung der Umwelt zu garantieren\u201c, so Alessandro Irico, Leiter der Qualit\u00e4tssicherung. \u201eUnsere Landwirte sind das erste Glied der Kette, in der die Saat in kulinarischen Genuss aufgeht.\u201c<\/em><\/p>\n<\/div><div class=\"fusion-clearfix\"><\/div><\/div><\/div><\/div><div class=\"fusion-clearfix\"><\/div><\/div><\/div><\/div><\/div><div class=\"fusion-fullwidth fullwidth-box fusion-builder-row-6 nonhundred-percent-fullwidth non-hundred-percent-height-scrolling fusion-equal-height-columns\" style=\"background-color: rgba(255,255,255,0);background-position: center center;background-repeat: no-repeat;padding-top:0px;padding-right:0px;padding-bottom:0px;padding-left:0px;margin-bottom: 60px;border-width: 0px 0px 0px 0px;border-color:#eae9e9;border-style:solid;\" ><div class=\"fusion-builder-row fusion-row\"><div class=\"fusion-layout-column fusion_builder_column fusion-builder-column-5 fusion_builder_column_1_1 1_1 fusion-one-full fusion-column-first fusion-column-last\" style=\"margin-top:0px;margin-bottom:0px;\" id=\"Progetti-column-straight\"><div class=\"fusion-column-wrapper fusion-flex-column-wrapper-legacy\" style=\"background-position:left top;background-repeat:no-repeat;-webkit-background-size:cover;-moz-background-size:cover;-o-background-size:cover;background-size:cover;padding: 0px 0px 0px 0px;\"><div class=\"fusion-builder-row fusion-builder-row-inner fusion-row\"><div class=\"fusion-layout-column fusion_builder_column_inner fusion-builder-nested-column-4 fusion_builder_column_inner_1_2 1_2 fusion-one-half fusion-column-first Progetti-col-text\" style=\"width:50%;width:calc(50% - ( ( 0 ) * 0.5 ) );margin-right: 0px;margin-top:0px;margin-bottom:0px;\"><div class=\"fusion-column-wrapper fusion-flex-column-wrapper-legacy\" style=\"background-position:left top;background-repeat:no-repeat;-webkit-background-size:cover;-moz-background-size:cover;-o-background-size:cover;background-size:cover;padding: 60px 30px 30px 30px;\"><style type=\"text\/css\"><\/style><div class=\"fusion-title title fusion-title-5 fusion-sep-none fusion-title-text fusion-title-size-two green-identity-sec-tit\" style=\"font-size:48px;margin-top:30px;margin-right:0px;margin-bottom:10px;margin-left:0px;\"><h2 class=\"title-heading-left\" style=\"margin:0;font-size:1em;color:#002957;line-height:1;\"><p class=\"p1\"><b>TECHNOLOGIE<\/b> und <b>UMWELT<br \/>\n<\/b>HAND IN HAND<\/p><\/h2><\/div><div class=\"fusion-text fusion-text-3 Progetti-text\"><p class=\"p1\">In den letzten Jahren erh\u00f6hte sich unser Energieverbrauch um 19\u00a0%, aber wir reduzierten unsere CO2-Emissionen um 39\u00a0%. \u201eUmweltnachhaltigkeit beginnt auf dem Feld und entwickelt sich in der Fabrik\u201c, so die Worte von Produktionsleiter Marco Zaninelli. \u201eWir nutzen nat\u00fcrliche Ressourcen und die Abfallproduktion, um Dampf zu erzeugen, der f\u00fcr die Reisverarbeitung (Parboiling und Vakuumverpackung) sowie die Herstellung von pflanzlichen Getr\u00e4nken und Schnellkochreis erforderlich ist. Mit diesen Ressourcen wird auch eine Verg\u00e4rungsanlage f\u00fcr Biom\u00fcll gespeist, wodurch Abfall reduziert und Biogas und Biomethan erzeugt werden. Die Exzellenz eines Unternehmens\u201c, erl\u00e4utert Zaninelli zum Schluss, \u201eliegt in seiner F\u00e4higkeit, innovative Produkte und Prozesse zu entwickeln und so die industrielle Effizienz und Nachhaltigkeit zu verbessern.\u201c<\/p>\n<\/div><div class=\"fusion-clearfix\"><\/div><\/div><\/div><div class=\"fusion-layout-column fusion_builder_column_inner fusion-builder-nested-column-5 fusion_builder_column_inner_1_2 1_2 fusion-one-half fusion-column-last\" style=\"width:50%;width:calc(50% - ( ( 0 ) * 0.5 ) );margin-top:0px;margin-bottom:0px;\"><div class=\"fusion-column-wrapper lazyload fusion-flex-column-wrapper-legacy\" style=\"background-position:left top;background-repeat:no-repeat;-webkit-background-size:cover;-moz-background-size:cover;-o-background-size:cover;background-size:cover;padding: 0px 0px 0px 0px;\" data-bg-url=\"https:\/\/www.risoscotti.com\/wp-content\/uploads\/2020\/08\/green-identity-3.jpg\" data-bg-height=\"785\" data-bg-width=\"960\" data-bg=\"https:\/\/www.risoscotti.com\/wp-content\/uploads\/2020\/08\/green-identity-3.jpg\"><div class=\"fusion-clearfix\"><\/div><\/div><\/div><\/div><div class=\"fusion-clearfix\"><\/div><\/div><\/div><\/div><\/div><div class=\"fusion-fullwidth fullwidth-box fusion-builder-row-7 nonhundred-percent-fullwidth non-hundred-percent-height-scrolling\" style=\"background-color: rgba(255,255,255,0);background-position: center center;background-repeat: no-repeat;padding-top:0px;padding-right:0px;padding-bottom:0px;padding-left:0px;border-width: 0px 0px 0px 0px;border-color:#eae9e9;border-style:solid;\" ><div class=\"fusion-builder-row fusion-row\"><div class=\"fusion-layout-column fusion_builder_column fusion-builder-column-6 fusion_builder_column_1_1 1_1 fusion-one-full fusion-column-first fusion-column-last fusion-no-small-visibility\" style=\"margin-top:0px;margin-bottom:0px;\"><div class=\"fusion-column-wrapper fusion-flex-column-wrapper-legacy\" style=\"background-position:left top;background-repeat:no-repeat;-webkit-background-size:cover;-moz-background-size:cover;-o-background-size:cover;background-size:cover;padding: 0px 0px 0px 0px;\"><div class=\"imageframe-align-center\"><span class=\" fusion-imageframe imageframe-none imageframe-3 hover-type-none\"><img width=\"1920\" height=\"633\" title=\"Gruppo-fascia-5\" src=\"https:\/\/www.risoscotti.com\/wp-content\/uploads\/2019\/05\/Gruppo-fascia-5.jpg\" data-orig-src=\"https:\/\/www.risoscotti.com\/wp-content\/uploads\/2019\/05\/Gruppo-fascia-5.jpg\" class=\"lazyload img-responsive wp-image-9612\" srcset=\"data:image\/svg+xml,%3Csvg%20xmlns%3D%27http%3A%2F%2Fwww.w3.org%2F2000%2Fsvg%27%20width%3D%271920%27%20height%3D%27633%27%20viewBox%3D%270%200%201920%20633%27%3E%3Crect%20width%3D%271920%27%20height%3D%27633%27%20fill-opacity%3D%220%22%2F%3E%3C%2Fsvg%3E\" data-srcset=\"https:\/\/www.risoscotti.com\/wp-content\/uploads\/2019\/05\/Gruppo-fascia-5-200x66.jpg 200w, https:\/\/www.risoscotti.com\/wp-content\/uploads\/2019\/05\/Gruppo-fascia-5-400x132.jpg 400w, https:\/\/www.risoscotti.com\/wp-content\/uploads\/2019\/05\/Gruppo-fascia-5-600x198.jpg 600w, https:\/\/www.risoscotti.com\/wp-content\/uploads\/2019\/05\/Gruppo-fascia-5-800x264.jpg 800w, https:\/\/www.risoscotti.com\/wp-content\/uploads\/2019\/05\/Gruppo-fascia-5-1200x396.jpg 1200w, https:\/\/www.risoscotti.com\/wp-content\/uploads\/2019\/05\/Gruppo-fascia-5.jpg 1920w\" data-sizes=\"auto\" data-orig-sizes=\"(max-width: 1024px) 100vw, 1920px\" \/><\/span><\/div><div class=\"fusion-clearfix\"><\/div><\/div><\/div><div class=\"fusion-layout-column fusion_builder_column fusion-builder-column-7 fusion_builder_column_1_2 1_2 fusion-one-half fusion-column-first Secondary-aside-info\" style=\"width:50%;width:calc(50% - ( ( 0 ) * 0.5 ) );margin-right: 0px;margin-top:-120px;margin-bottom:120px;\"><div class=\"fusion-column-wrapper fusion-flex-column-wrapper-legacy\" style=\"background-position:left top;background-repeat:no-repeat;-webkit-background-size:cover;-moz-background-size:cover;-o-background-size:cover;background-size:cover;background-color:#f5f4f4;padding: 30px 30px 20px 30px;\"><style type=\"text\/css\"><\/style><div class=\"fusion-title title fusion-title-6 fusion-sep-none fusion-title-center fusion-title-text fusion-title-size-two\" style=\"font-size:72px;margin-top:0px;margin-right:0px;margin-bottom:40px;margin-left:0px;\"><h2 class=\"title-heading-center\" style=\"margin:0;font-size:1em;color:#002957;line-height:1;\"><p class=\"p2\" style=\"text-align: center;\">DER WERT<\/p>\n<p class=\"p2\" style=\"text-align: center;\">DER QUALIT\u00c4T<\/p><\/h2><\/div><div class=\"fusion-aligncenter\"><style type=\"text\/css\">.fusion-button.button-1 .fusion-button-text, .fusion-button.button-1 i {color:#002957;}.fusion-button.button-1 .fusion-button-icon-divider{border-color:#002957;}.fusion-button.button-1:hover .fusion-button-text, .fusion-button.button-1:hover i,.fusion-button.button-1:focus .fusion-button-text, .fusion-button.button-1:focus i,.fusion-button.button-1:active .fusion-button-text, .fusion-button.button-1:active{color:#ffffff;}.fusion-button.button-1:hover .fusion-button-icon-divider, .fusion-button.button-1:hover .fusion-button-icon-divider, .fusion-button.button-1:active .fusion-button-icon-divider{border-color:#ffffff;}.fusion-button.button-1:hover, .fusion-button.button-1:focus, .fusion-button.button-1:active{border-color:#ffffff;border-width:1px;}.fusion-button.button-1 {border-color:#002957;border-width:1px;border-radius:25px;}.fusion-button.button-1{background: rgba(255,255,255,0);}.fusion-button.button-1:hover,.button-1:focus,.fusion-button.button-1:active{background: #002957;}.fusion-button.button-1 .fusion-button-text {text-transform:uppercase;}<\/style><a class=\"fusion-button button-flat button-large button-custom button-1 fusion-button-default-span fusion-button-default-type Prodotti-Button-acquisto\" target=\"_self\" href=\"https:\/\/www.risoscotti.com\/our-value\/\"><span class=\"fusion-button-text\">\n<p class=\"p1\">MEHR ERFAHREN<\/p>\n<\/span><\/a><\/div><div class=\"fusion-clearfix\"><\/div><\/div><\/div><\/div><\/div><\/p>\n","protected":false},"excerpt":{"rendered":"","protected":false},"author":1,"featured_media":0,"parent":0,"menu_order":0,"comment_status":"closed","ping_status":"closed","template":"","meta":[],"yoast_head":"<!-- This site is optimized with the Yoast SEO plugin v16.2 - https:\/\/yoast.com\/wordpress\/plugins\/seo\/ -->\n<title>Green identity - Riso Scotti SPA<\/title>\n<meta name=\"robots\" content=\"index, follow, max-snippet:-1, max-image-preview:large, max-video-preview:-1\" \/>\n<link rel=\"canonical\" href=\"https:\/\/www.risoscotti.com\/de\/green-identity\/\" \/>\n<meta property=\"og:locale\" content=\"de_DE\" \/>\n<meta property=\"og:type\" content=\"article\" \/>\n<meta property=\"og:title\" content=\"Green identity - Riso Scotti SPA\" \/>\n<meta property=\"og:url\" content=\"https:\/\/www.risoscotti.com\/de\/green-identity\/\" \/>\n<meta property=\"og:site_name\" content=\"Riso Scotti SPA\" \/>\n<meta property=\"article:modified_time\" content=\"2022-06-07T07:59:14+00:00\" \/>\n<meta name=\"twitter:card\" content=\"summary_large_image\" \/>\n<meta name=\"twitter:label1\" content=\"Gesch\u00e4tzte Lesezeit\">\n\t<meta name=\"twitter:data1\" content=\"17\u00a0Minuten\">\n<script type=\"application\/ld+json\" class=\"yoast-schema-graph\">{\"@context\":\"https:\/\/schema.org\",\"@graph\":[{\"@type\":\"WebSite\",\"@id\":\"https:\/\/www.risoscotti.com\/#website\",\"url\":\"https:\/\/www.risoscotti.com\/\",\"name\":\"Riso Scotti SPA\",\"description\":\"Da oltre 150 anni diamo pi\\u00f9 valore al Riso.\",\"potentialAction\":[{\"@type\":\"SearchAction\",\"target\":\"https:\/\/www.risoscotti.com\/?s={search_term_string}\",\"query-input\":\"required name=search_term_string\"}],\"inLanguage\":\"de\"},{\"@type\":\"WebPage\",\"@id\":\"https:\/\/www.risoscotti.com\/de\/green-identity\/#webpage\",\"url\":\"https:\/\/www.risoscotti.com\/de\/green-identity\/\",\"name\":\"Green identity - Riso Scotti SPA\",\"isPartOf\":{\"@id\":\"https:\/\/www.risoscotti.com\/#website\"},\"datePublished\":\"2022-06-07T07:59:11+00:00\",\"dateModified\":\"2022-06-07T07:59:14+00:00\",\"breadcrumb\":{\"@id\":\"https:\/\/www.risoscotti.com\/de\/green-identity\/#breadcrumb\"},\"inLanguage\":\"de\",\"potentialAction\":[{\"@type\":\"ReadAction\",\"target\":[\"https:\/\/www.risoscotti.com\/de\/green-identity\/\"]}]},{\"@type\":\"BreadcrumbList\",\"@id\":\"https:\/\/www.risoscotti.com\/de\/green-identity\/#breadcrumb\",\"itemListElement\":[{\"@type\":\"ListItem\",\"position\":1,\"item\":{\"@type\":\"WebPage\",\"@id\":\"https:\/\/www.risoscotti.com\/de\/home\/\",\"url\":\"https:\/\/www.risoscotti.com\/de\/home\/\",\"name\":\"Home\"}},{\"@type\":\"ListItem\",\"position\":2,\"item\":{\"@id\":\"https:\/\/www.risoscotti.com\/de\/green-identity\/#webpage\"}}]}]}<\/script>\n<!-- \/ Yoast SEO plugin. -->","_links":{"self":[{"href":"https:\/\/www.risoscotti.com\/de\/wp-json\/wp\/v2\/pages\/9656"}],"collection":[{"href":"https:\/\/www.risoscotti.com\/de\/wp-json\/wp\/v2\/pages"}],"about":[{"href":"https:\/\/www.risoscotti.com\/de\/wp-json\/wp\/v2\/types\/page"}],"author":[{"embeddable":true,"href":"https:\/\/www.risoscotti.com\/de\/wp-json\/wp\/v2\/users\/1"}],"replies":[{"embeddable":true,"href":"https:\/\/www.risoscotti.com\/de\/wp-json\/wp\/v2\/comments?post=9656"}],"version-history":[{"count":3,"href":"https:\/\/www.risoscotti.com\/de\/wp-json\/wp\/v2\/pages\/9656\/revisions"}],"predecessor-version":[{"id":9665,"href":"https:\/\/www.risoscotti.com\/de\/wp-json\/wp\/v2\/pages\/9656\/revisions\/9665"}],"wp:attachment":[{"href":"https:\/\/www.risoscotti.com\/de\/wp-json\/wp\/v2\/media?parent=9656"}],"curies":[{"name":"wp","href":"https:\/\/api.w.org\/{rel}","templated":true}]}}